{"id":1472,"date":"2025-06-24T19:48:58","date_gmt":"2025-06-24T16:48:58","guid":{"rendered":"https:\/\/oltenialaundry.ro\/?page_id=1472"},"modified":"2025-06-25T20:53:48","modified_gmt":"2025-06-25T17:53:48","slug":"investitori","status":"publish","type":"page","link":"http:\/\/oltenialaundry.ro\/bg\/investitori\/","title":{"rendered":"Investitori"},"content":{"rendered":"<div data-elementor-type=\"wp-page\" data-elementor-id=\"1472\" class=\"elementor elementor-1472\" data-elementor-settings=\"[]\">\n\t\t\t\t\t\t\t<div class=\"elementor-section-wrap\">\n\t\t\t\t\t\t\t<section data-particle_enable=\"false\" data-particle-mobile-disabled=\"false\" class=\"elementor-section elementor-top-section elementor-element elementor-element-wyxizls elementor-section-content-middle elementor-section-boxed elementor-section-height-default elementor-section-height-default\" data-id=\"wyxizls\" data-element_type=\"section\">\n\t\t\t\t\t\t<div class=\"elementor-container elementor-column-gap-default\">\n\t\t\t\t\t<div class=\"elementor-column elementor-col-100 elementor-top-column elementor-element elementor-element-ibtffgp\" data-id=\"ibtffgp\" data-element_type=\"column\">\n\t\t\t<div class=\"elementor-widget-wrap elementor-element-populated\">\n\t\t\t\t\t\t\t\t<div class=\"elementor-element elementor-element-xdpmieu elementor-widget elementor-widget-heading\" data-id=\"xdpmieu\" data-element_type=\"widget\" data-widget_type=\"heading.default\">\n\t\t\t\t<div class=\"elementor-widget-container\">\n\t\t\t<style>\/*! elementor - v3.5.5 - 03-02-2022 *\/\n.elementor-heading-title{padding:0;margin:0;line-height:1}.elementor-widget-heading .elementor-heading-title[class*=elementor-size-]>a{color:inherit;font-size:inherit;line-height:inherit}.elementor-widget-heading .elementor-heading-title.elementor-size-small{font-size:15px}.elementor-widget-heading .elementor-heading-title.elementor-size-medium{font-size:19px}.elementor-widget-heading .elementor-heading-title.elementor-size-large{font-size:29px}.elementor-widget-heading .elementor-heading-title.elementor-size-xl{font-size:39px}.elementor-widget-heading .elementor-heading-title.elementor-size-xxl{font-size:59px}<\/style><h2 class=\"elementor-heading-title elementor-size-default\"><p>\u0418\u0441\u043a\u0430\u0442\u0435 \u043b\u0438 \u0434\u0430 \u0438\u043d\u0432\u0435\u0441\u0442\u0438\u0440\u0430\u0442\u0435 \u0432 \u0441\u0442\u0430\u0431\u0438\u043b\u0435\u043d \u0438 \u0434\u043e\u043a\u0430\u0437\u0430\u043d \u0431\u0438\u0437\u043d\u0435\u0441 \u043c\u043e\u0434\u0435\u043b?<\/p><\/h2>\t\t<\/div>\n\t\t\t\t<\/div>\n\t\t\t\t<div class=\"elementor-element elementor-element-nhkduna elementor-widget elementor-widget-text-editor\" data-id=\"nhkduna\" data-element_type=\"widget\" data-widget_type=\"text-editor.default\">\n\t\t\t\t<div class=\"elementor-widget-container\">\n\t\t\t<style>\/*! elementor - v3.5.5 - 03-02-2022 *\/\n.elementor-widget-text-editor.elementor-drop-cap-view-stacked .elementor-drop-cap{background-color:#818a91;color:#fff}.elementor-widget-text-editor.elementor-drop-cap-view-framed .elementor-drop-cap{color:#818a91;border:3px solid;background-color:transparent}.elementor-widget-text-editor:not(.elementor-drop-cap-view-default) .elementor-drop-cap{margin-top:8px}.elementor-widget-text-editor:not(.elementor-drop-cap-view-default) .elementor-drop-cap-letter{width:1em;height:1em}.elementor-widget-text-editor .elementor-drop-cap{float:left;text-align:center;line-height:1;font-size:50px}.elementor-widget-text-editor .elementor-drop-cap-letter{display:inline-block}<\/style>\t\t\t\t<div><h2 align=\"center\"><strong>Oltenia Laundry \u2013 \u0418\u043d\u0434\u0443\u0441\u0442\u0440\u0438\u0430\u043b\u043d\u043e \u043f\u0440\u0435\u0434\u0441\u0442\u0430\u0432\u044f\u043d\u0435. \u041f\u0440\u043e\u0437\u0440\u0430\u0447\u043d\u043e\u0441\u0442. \u0420\u0435\u043d\u0442\u0430\u0431\u0438\u043b\u043d\u043e\u0441\u0442.<\/strong><\/h2><\/div><h2>\u041a\u043e\u0438 \u0441\u043c\u0435 \u043d\u0438\u0435?<\/h2><p>Oltenia Laundry \u0435 \u0435\u0434\u043d\u0430 \u043e\u0442 \u043d\u0430\u0439-\u0442\u0435\u0445\u043d\u043e\u043b\u043e\u0433\u0438\u0447\u043d\u043e \u043d\u0430\u043f\u0440\u0435\u0434\u043d\u0430\u043b\u0438\u0442\u0435 \u0438\u043d\u0434\u0443\u0441\u0442\u0440\u0438\u0430\u043b\u043d\u0438 \u043f\u0435\u0440\u0430\u043b\u043d\u0438 \u0432 \u044e\u0436\u043d\u0430\u0442\u0430 \u0447\u0430\u0441\u0442 \u043d\u0430 \u0420\u0443\u043c\u044a\u043d\u0438\u044f, \u0441 \u043a\u0430\u043f\u0430\u0446\u0438\u0442\u0435\u0442 \u043d\u0430 \u043e\u0431\u0440\u0430\u0431\u043e\u0442\u043a\u0430 \u043d\u0430\u0434 1200 \u043a\u0433\/\u0447\u0430\u0441, \u0441\u043e\u0431\u0441\u0442\u0432\u0435\u043d \u0430\u0432\u0442\u043e\u043f\u0430\u0440\u043a, RFID \u0441\u0438\u0441\u0442\u0435\u043c\u0430 \u0437\u0430 \u043f\u044a\u043b\u043d\u0430 \u043f\u0440\u043e\u0441\u043b\u0435\u0434\u0438\u043c\u043e\u0441\u0442 \u0438 \u0441\u0442\u0430\u0431\u0438\u043b\u043d\u043e \u043f\u043e\u0440\u0442\u0444\u043e\u043b\u0438\u043e \u043e\u0442 \u043a\u043b\u0438\u0435\u043d\u0442\u0438 \u0432 \u0445\u043e\u0442\u0435\u043b\u0441\u043a\u0430\u0442\u0430 \u0438 \u043c\u0435\u0434\u0438\u0446\u0438\u043d\u0441\u043a\u0430\u0442\u0430 \u0438\u043d\u0434\u0443\u0441\u0442\u0440\u0438\u044f.<br \/>\u041d\u0438\u0435 \u0441\u043c\u0435 \u0438\u0441\u0442\u0438\u043d\u0441\u043a\u0438 \u043f\u0430\u0440\u0442\u043d\u044c\u043e\u0440 \u043d\u0430 \u0445\u043e\u0442\u0435\u043b\u0438\u0442\u0435, \u043d\u0435 \u043f\u0440\u043e\u0441\u0442\u043e \u0434\u043e\u0441\u0442\u0430\u0432\u0447\u0438\u043a \u043d\u0430 \u0443\u0441\u043b\u0443\u0433\u0438.<\/p><h2>\u0417\u0430\u0449\u043e \u0442\u044a\u0440\u0441\u0438\u043c \u0438\u043d\u0432\u0435\u0441\u0442\u0438\u0446\u0438\u0438?<\/h2><p>\u0423\u0441\u043a\u043e\u0440\u0435\u043d\u043e\u0442\u043e \u043d\u0430\u0440\u0430\u0441\u0442\u0432\u0430\u043d\u0435 \u043d\u0430 \u0442\u044a\u0440\u0441\u0435\u043d\u0435\u0442\u043e \u0438\u0437\u0438\u0441\u043a\u0432\u0430 \u0440\u0430\u0437\u0448\u0438\u0440\u044f\u0432\u0430\u043d\u0435 \u2013 \u043f\u043e\u0432\u0435\u0447\u0435 \u043a\u043b\u0438\u0435\u043d\u0442\u0438, \u043f\u043e-\u0433\u043e\u043b\u044f\u043c \u043e\u0431\u0435\u043c, \u043f\u043e\u0432\u0435\u0447\u0435 \u043e\u0431\u043e\u0440\u0443\u0434\u0432\u0430\u043d\u0435.<br \/>\u0417\u0430 \u0434\u0430 \u043f\u043e\u0434\u0434\u044a\u0440\u0436\u0430\u043c\u0435 \u043a\u0430\u0447\u0435\u0441\u0442\u0432\u043e\u0442\u043e \u0431\u0435\u0437 \u043a\u043e\u043c\u043f\u0440\u043e\u043c\u0438\u0441\u0438, \u0441\u0435 \u043e\u0442\u0432\u0430\u0440\u044f\u043c\u0435 \u043a\u044a\u043c \u0432\u044a\u043d\u0448\u043d\u0438<\/p><h2>\u041a\u0430\u043a\u0432\u043e \u043f\u0440\u0435\u0434\u043b\u0430\u0433\u0430\u043c\u0435?<\/h2><p>\u2022\t\u042f\u0441\u0435\u043d \u0438 \u043f\u0440\u043e\u0432\u0435\u0440\u0438\u043c \u0438\u043d\u0432\u0435\u0441\u0442\u0438\u0446\u0438\u043e\u043d\u0435\u043d \u043c\u043e\u0434\u0435\u043b<br \/>\u2022\t\u0414\u043e 10% \u0433\u043e\u0434\u0438\u0448\u043d\u0430 \u0434\u043e\u0445\u043e\u0434\u043d\u043e\u0441\u0442, \u0447\u0440\u0435\u0437 \u043e\u0442\u0434\u0430\u0432\u0430\u043d\u0435 \u043d\u0430 \u0442\u0435\u043a\u0441\u0442\u0438\u043b \u043f\u043e\u0434 \u043d\u0430\u0435\u043c \u043d\u0430 \u0445\u043e\u0442\u0435\u043b\u0441\u043a\u0438 \u043a\u043b\u0438\u0435\u043d\u0442\u0438<br \/>\u2022\t\u041f\u0440\u043e\u0437\u0440\u0430\u0447\u043d\u0438 \u0434\u043e\u0433\u043e\u0432\u043e\u0440\u0438, \u0431\u0435\u0437 \u0441\u043a\u0440\u0438\u0442\u0438 \u0440\u0438\u0441\u043a\u043e\u0432\u0435<br \/>\u2022\t\u041f\u0435\u0440\u0438\u043e\u0434\u0438\u0447\u043d\u0438 \u043e\u0442\u0447\u0435\u0442\u0438 \u0437\u0430 \u043f\u0440\u0435\u0434\u0441\u0442\u0430\u0432\u044f\u043d\u0435\u0442\u043e \u043d\u0430 \u0438\u043d\u0432\u0435\u0441\u0442\u0438\u0446\u0438\u044f\u0442\u0430<\/p><h2>\u041a\u0430\u043a \u0440\u0430\u0431\u043e\u0442\u0438?<\/h2><p>\u0418\u043d\u0432\u0435\u0441\u0442\u0438\u0440\u0430\u0442\u0435 \u0432 \u043f\u0430\u0440\u0442\u0438\u0434\u0430 \u0442\u0435\u043a\u0441\u0442\u0438\u043b (\u0441\u043f\u0430\u043b\u043d\u043e \u0431\u0435\u043b\u044c\u043e, \u0445\u0430\u0432\u043b\u0438\u0438, \u0445\u0430\u043b\u0430\u0442\u0438), \u0430 \u043d\u0438\u0435 \u0433\u043e \u043e\u0442\u0434\u0430\u0432\u0430\u043c\u0435 \u043f\u043e\u0434 \u043d\u0430\u0435\u043c \u043d\u0430 \u043d\u0430\u0448\u0438\u0442\u0435 \u0445\u043e\u0442\u0435\u043b\u0441\u043a\u0438 \u043a\u043b\u0438\u0435\u043d\u0442\u0438.<br \/>\u0413\u0435\u043d\u0435\u0440\u0438\u0440\u0430\u043d\u0438\u044f\u0442 \u0434\u043e\u0445\u043e\u0434 \u0441\u0435 \u0440\u0430\u0437\u043f\u0440\u0435\u0434\u0435\u043b\u044f, \u0438 \u0432\u0438\u0435 \u043f\u043e\u043b\u0443\u0447\u0430\u0432\u0430\u0442\u0435 \u043c\u0435\u0441\u0435\u0447\u043d\u0438 \u043f\u043b\u0430\u0449\u0430\u043d\u0438\u044f, \u0431\u0435\u0437 \u0434\u0430 \u0441\u0435 \u0430\u043d\u0433\u0430\u0436\u0438\u0440\u0430\u0442\u0435 \u043e\u043f\u0435\u0440\u0430\u0442\u0438\u0432\u043d\u043e.<\/p><h2>\u0418\u0441\u043a\u0430\u0442\u0435 \u0434\u0430 \u043d\u0430\u0443\u0447\u0438\u0442\u0435 \u043f\u043e\u0432\u0435\u0447\u0435?<\/h2><p>\u041e\u0441\u0442\u0430\u0432\u0435\u0442\u0435 \u043d\u0438 \u0432\u0430\u0448\u0438\u0442\u0435 \u0434\u0430\u043d\u043d\u0438 \u0438 \u0449\u0435 \u0441\u0435 \u0441\u0432\u044a\u0440\u0436\u0435\u043c \u0441 \u0432\u0430\u0441 \u0441 \u043f\u0435\u0440\u0441\u043e\u043d\u0430\u043b\u0438\u0437\u0438\u0440\u0430\u043d \u0438\u043d\u0432\u0435\u0441\u0442\u0438\u0446\u0438\u043e\u043d\u0435\u043d \u043f\u043b\u0430\u043d.<br \/>\ud83d\udd8a\ufe0f \u0411\u044a\u0440\u0437\u0430 \u0444\u043e\u0440\u043c\u0430 \u0437\u0430 \u043a\u043e\u043d\u0442\u0430\u043a\u0442 \u043d\u0430 \u0441\u0430\u0439\u0442\u0430<br \/>\u0438\u043b\u0438<br \/>\ud83d\udce9 \u041f\u0438\u0448\u0435\u0442\u0435 \u043d\u0438 \u0434\u0438\u0440\u0435\u043a\u0442\u043d\u043e \u043d\u0430: <a href=\"mailto:invest@oltenialaundry.ro\"><strong>invest@oltenialaundry.ro<\/strong><\/a><\/p>\t\t\t\t\t\t<\/div>\n\t\t\t\t<\/div>\n\t\t\t\t<div class=\"elementor-element elementor-element-kbewtpd elementor-align-center elementor-widget elementor-widget-button\" data-id=\"kbewtpd\" data-element_type=\"widget\" data-widget_type=\"button.default\">\n\t\t\t\t<div class=\"elementor-widget-container\">\n\t\t\t\t\t<div class=\"elementor-button-wrapper\">\n\t\t\t<a href=\"http:\/\/oltenialaundry.ro\/bg\/contact\/\" class=\"elementor-button-link elementor-button elementor-size-sm\" role=\"button\">\n\t\t\t\t\t\t<span class=\"elementor-button-content-wrapper\">\n\t\t\t\t\t\t<span class=\"elementor-button-text\">Kontakt<\/span>\n\t\t<\/span>\n\t\t\t\t\t<\/a>\n\t\t<\/div>\n\t\t\t\t<\/div>\n\t\t\t\t<\/div>\n\t\t\t\t\t<\/div>\n\t\t<\/div>\n\t\t\t\t\t\t\t<\/div>\n\t\t<\/section>\n\t\t\t\t\t\t<\/div>\n\t\t\t\t\t<\/div>","protected":false},"excerpt":{"rendered":"<p>Vrei s\u0103 investe\u0219ti \u00eentr-un model de business solid? Oltenia Laundry \u2013 Performan\u021b\u0103 industrial\u0103. Transparen\u021b\u0103. Rentabilitate. Cine suntem Oltenia Laundry este una dintre cele mai tehnologizate sp\u0103l\u0103torii industriale din sudul Rom\u00e2niei, cu o capacitate de procesare de peste 1200 kg\/or\u0103, flot\u0103 proprie, sistem RFID pentru trasabilitate complet\u0103 \u0219i un portofoliu solid de clien\u021bi din industria hotelier\u0103 [&hellip;]<\/p>","protected":false},"author":2,"featured_media":0,"parent":0,"menu_order":0,"comment_status":"closed","ping_status":"closed","template":"","meta":{"footnotes":""},"class_list":["post-1472","page","type-page","status-publish","hentry","entry"],"yoast_head":"<!-- This site is optimized with the Yoast SEO plugin v19.5.1 - https:\/\/yoast.com\/wordpress\/plugins\/seo\/ -->\n<title>Investitori - Oltenia Laundry<\/title>\n<meta name=\"robots\" content=\"index, follow, max-snippet:-1, max-image-preview:large, max-video-preview:-1\" \/>\n<link rel=\"canonical\" href=\"http:\/\/oltenialaundry.ro\/bg\/investitori\/\" \/>\n<meta property=\"og:locale\" content=\"bg_BG\" \/>\n<meta property=\"og:type\" content=\"article\" \/>\n<meta property=\"og:title\" content=\"Investitori - Oltenia Laundry\" \/>\n<meta property=\"og:description\" content=\"Vrei s\u0103 investe\u0219ti \u00eentr-un model de business solid? Oltenia Laundry \u2013 Performan\u021b\u0103 industrial\u0103. Transparen\u021b\u0103. Rentabilitate. Cine suntem Oltenia Laundry este una dintre cele mai tehnologizate sp\u0103l\u0103torii industriale din sudul Rom\u00e2niei, cu o capacitate de procesare de peste 1200 kg\/or\u0103, flot\u0103 proprie, sistem RFID pentru trasabilitate complet\u0103 \u0219i un portofoliu solid de clien\u021bi din industria hotelier\u0103 [&hellip;]\" \/>\n<meta property=\"og:url\" content=\"http:\/\/oltenialaundry.ro\/bg\/investitori\/\" \/>\n<meta property=\"og:site_name\" content=\"Oltenia Laundry\" \/>\n<meta property=\"article:modified_time\" content=\"2025-06-25T17:53:48+00:00\" \/>\n<meta name=\"twitter:card\" content=\"summary_large_image\" \/>\n<meta name=\"twitter:label1\" content=\"Est. reading time\" \/>\n\t<meta name=\"twitter:data1\" content=\"2 \u043c\u0438\u043d\u0443\u0442\u0438\" \/>\n<script type=\"application\/ld+json\" class=\"yoast-schema-graph\">{\"@context\":\"https:\/\/schema.org\",\"@graph\":[{\"@type\":\"WebPage\",\"@id\":\"https:\/\/oltenialaundry.ro\/investitori\/\",\"url\":\"https:\/\/oltenialaundry.ro\/investitori\/\",\"name\":\"Investitori - Oltenia Laundry\",\"isPartOf\":{\"@id\":\"https:\/\/oltenialaundry.ro\/#website\"},\"datePublished\":\"2025-06-24T16:48:58+00:00\",\"dateModified\":\"2025-06-25T17:53:48+00:00\",\"breadcrumb\":{\"@id\":\"https:\/\/oltenialaundry.ro\/investitori\/#breadcrumb\"},\"inLanguage\":\"bg-BG\",\"potentialAction\":[{\"@type\":\"ReadAction\",\"target\":[\"https:\/\/oltenialaundry.ro\/investitori\/\"]}]},{\"@type\":\"BreadcrumbList\",\"@id\":\"https:\/\/oltenialaundry.ro\/investitori\/#breadcrumb\",\"itemListElement\":[{\"@type\":\"ListItem\",\"position\":1,\"name\":\"Home\",\"item\":\"https:\/\/oltenialaundry.ro\/\"},{\"@type\":\"ListItem\",\"position\":2,\"name\":\"Investitori\"}]},{\"@type\":\"WebSite\",\"@id\":\"https:\/\/oltenialaundry.ro\/#website\",\"url\":\"https:\/\/oltenialaundry.ro\/\",\"name\":\"Oltenia Laundry\",\"description\":\"Industrial Textile Laundry\",\"publisher\":{\"@id\":\"https:\/\/oltenialaundry.ro\/#organization\"},\"potentialAction\":[{\"@type\":\"SearchAction\",\"target\":{\"@type\":\"EntryPoint\",\"urlTemplate\":\"https:\/\/oltenialaundry.ro\/?s={search_term_string}\"},\"query-input\":\"required name=search_term_string\"}],\"inLanguage\":\"bg-BG\"},{\"@type\":\"Organization\",\"@id\":\"https:\/\/oltenialaundry.ro\/#organization\",\"name\":\"Oltenia Laundry\",\"url\":\"https:\/\/oltenialaundry.ro\/\",\"sameAs\":[],\"logo\":{\"@type\":\"ImageObject\",\"inLanguage\":\"bg-BG\",\"@id\":\"https:\/\/oltenialaundry.ro\/#\/schema\/logo\/image\/\",\"url\":\"https:\/\/oltenialaundry.ro\/wp-content\/uploads\/2022\/02\/Logo-Oltenia-Laundry.png\",\"contentUrl\":\"https:\/\/oltenialaundry.ro\/wp-content\/uploads\/2022\/02\/Logo-Oltenia-Laundry.png\",\"width\":944,\"height\":299,\"caption\":\"Oltenia Laundry\"},\"image\":{\"@id\":\"https:\/\/oltenialaundry.ro\/#\/schema\/logo\/image\/\"}}]}<\/script>\n<!-- \/ Yoast SEO plugin. -->","yoast_head_json":{"title":"Investitori - Oltenia Laundry","robots":{"index":"index","follow":"follow","max-snippet":"max-snippet:-1","max-image-preview":"max-image-preview:large","max-video-preview":"max-video-preview:-1"},"canonical":"http:\/\/oltenialaundry.ro\/bg\/investitori\/","og_locale":"bg_BG","og_type":"article","og_title":"Investitori - Oltenia Laundry","og_description":"Vrei s\u0103 investe\u0219ti \u00eentr-un model de business solid? Oltenia Laundry \u2013 Performan\u021b\u0103 industrial\u0103. Transparen\u021b\u0103. Rentabilitate. Cine suntem Oltenia Laundry este una dintre cele mai tehnologizate sp\u0103l\u0103torii industriale din sudul Rom\u00e2niei, cu o capacitate de procesare de peste 1200 kg\/or\u0103, flot\u0103 proprie, sistem RFID pentru trasabilitate complet\u0103 \u0219i un portofoliu solid de clien\u021bi din industria hotelier\u0103 [&hellip;]","og_url":"http:\/\/oltenialaundry.ro\/bg\/investitori\/","og_site_name":"Oltenia Laundry","article_modified_time":"2025-06-25T17:53:48+00:00","twitter_card":"summary_large_image","twitter_misc":{"Est. reading time":"2 \u043c\u0438\u043d\u0443\u0442\u0438"},"schema":{"@context":"https:\/\/schema.org","@graph":[{"@type":"WebPage","@id":"https:\/\/oltenialaundry.ro\/investitori\/","url":"https:\/\/oltenialaundry.ro\/investitori\/","name":"Investitori - Oltenia Laundry","isPartOf":{"@id":"https:\/\/oltenialaundry.ro\/#website"},"datePublished":"2025-06-24T16:48:58+00:00","dateModified":"2025-06-25T17:53:48+00:00","breadcrumb":{"@id":"https:\/\/oltenialaundry.ro\/investitori\/#breadcrumb"},"inLanguage":"bg-BG","potentialAction":[{"@type":"ReadAction","target":["https:\/\/oltenialaundry.ro\/investitori\/"]}]},{"@type":"BreadcrumbList","@id":"https:\/\/oltenialaundry.ro\/investitori\/#breadcrumb","itemListElement":[{"@type":"ListItem","position":1,"name":"Home","item":"https:\/\/oltenialaundry.ro\/"},{"@type":"ListItem","position":2,"name":"Investitori"}]},{"@type":"WebSite","@id":"https:\/\/oltenialaundry.ro\/#website","url":"https:\/\/oltenialaundry.ro\/","name":"Oltenia Laundry","description":"Industrial Textile Laundry","publisher":{"@id":"https:\/\/oltenialaundry.ro\/#organization"},"potentialAction":[{"@type":"SearchAction","target":{"@type":"EntryPoint","urlTemplate":"https:\/\/oltenialaundry.ro\/?s={search_term_string}"},"query-input":"required name=search_term_string"}],"inLanguage":"bg-BG"},{"@type":"Organization","@id":"https:\/\/oltenialaundry.ro\/#organization","name":"Oltenia Laundry","url":"https:\/\/oltenialaundry.ro\/","sameAs":[],"logo":{"@type":"ImageObject","inLanguage":"bg-BG","@id":"https:\/\/oltenialaundry.ro\/#\/schema\/logo\/image\/","url":"https:\/\/oltenialaundry.ro\/wp-content\/uploads\/2022\/02\/Logo-Oltenia-Laundry.png","contentUrl":"https:\/\/oltenialaundry.ro\/wp-content\/uploads\/2022\/02\/Logo-Oltenia-Laundry.png","width":944,"height":299,"caption":"Oltenia Laundry"},"image":{"@id":"https:\/\/oltenialaundry.ro\/#\/schema\/logo\/image\/"}}]}},"_links":{"self":[{"href":"http:\/\/oltenialaundry.ro\/bg\/wp-json\/wp\/v2\/pages\/1472","targetHints":{"allow":["GET"]}}],"collection":[{"href":"http:\/\/oltenialaundry.ro\/bg\/wp-json\/wp\/v2\/pages"}],"about":[{"href":"http:\/\/oltenialaundry.ro\/bg\/wp-json\/wp\/v2\/types\/page"}],"author":[{"embeddable":true,"href":"http:\/\/oltenialaundry.ro\/bg\/wp-json\/wp\/v2\/users\/2"}],"replies":[{"embeddable":true,"href":"http:\/\/oltenialaundry.ro\/bg\/wp-json\/wp\/v2\/comments?post=1472"}],"version-history":[{"count":11,"href":"http:\/\/oltenialaundry.ro\/bg\/wp-json\/wp\/v2\/pages\/1472\/revisions"}],"predecessor-version":[{"id":1612,"href":"http:\/\/oltenialaundry.ro\/bg\/wp-json\/wp\/v2\/pages\/1472\/revisions\/1612"}],"wp:attachment":[{"href":"http:\/\/oltenialaundry.ro\/bg\/wp-json\/wp\/v2\/media?parent=1472"}],"curies":[{"name":"wp","href":"https:\/\/api.w.org\/{rel}","templated":true}]}}