{"id":501,"date":"2016-09-27T15:47:43","date_gmt":"2016-09-27T15:47:43","guid":{"rendered":"http:\/\/fitness2.mythemecloud.io\/?page_id=501"},"modified":"2025-06-24T20:43:46","modified_gmt":"2025-06-24T17:43:46","slug":"servicii","status":"publish","type":"page","link":"http:\/\/oltenialaundry.ro\/ro\/servicii\/","title":{"rendered":"Servicii"},"content":{"rendered":"\t\t<div data-elementor-type=\"wp-page\" data-elementor-id=\"501\" class=\"elementor elementor-501\" data-elementor-settings=\"[]\">\n\t\t\t\t\t\t\t<div class=\"elementor-section-wrap\">\n\t\t\t\t\t\t\t<section data-particle_enable=\"false\" data-particle-mobile-disabled=\"false\" class=\"elementor-section elementor-top-section elementor-element elementor-element-wyxizls elementor-section-content-middle elementor-section-boxed elementor-section-height-default elementor-section-height-default\" data-id=\"wyxizls\" data-element_type=\"section\">\n\t\t\t\t\t\t<div class=\"elementor-container elementor-column-gap-default\">\n\t\t\t\t\t<div class=\"elementor-column elementor-col-100 elementor-top-column elementor-element elementor-element-ibtffgp\" data-id=\"ibtffgp\" data-element_type=\"column\">\n\t\t\t<div class=\"elementor-widget-wrap elementor-element-populated\">\n\t\t\t\t\t\t\t\t<div class=\"elementor-element elementor-element-xdpmieu elementor-widget elementor-widget-heading\" data-id=\"xdpmieu\" data-element_type=\"widget\" data-widget_type=\"heading.default\">\n\t\t\t\t<div class=\"elementor-widget-container\">\n\t\t\t<style>\/*! elementor - v3.5.5 - 03-02-2022 *\/\n.elementor-heading-title{padding:0;margin:0;line-height:1}.elementor-widget-heading .elementor-heading-title[class*=elementor-size-]>a{color:inherit;font-size:inherit;line-height:inherit}.elementor-widget-heading .elementor-heading-title.elementor-size-small{font-size:15px}.elementor-widget-heading .elementor-heading-title.elementor-size-medium{font-size:19px}.elementor-widget-heading .elementor-heading-title.elementor-size-large{font-size:29px}.elementor-widget-heading .elementor-heading-title.elementor-size-xl{font-size:39px}.elementor-widget-heading .elementor-heading-title.elementor-size-xxl{font-size:59px}<\/style><h2 class=\"elementor-heading-title elementor-size-default\">Serviciile Noastre<\/h2>\t\t<\/div>\n\t\t\t\t<\/div>\n\t\t\t\t<div class=\"elementor-element elementor-element-nhkduna elementor-widget elementor-widget-text-editor\" data-id=\"nhkduna\" data-element_type=\"widget\" data-widget_type=\"text-editor.default\">\n\t\t\t\t<div class=\"elementor-widget-container\">\n\t\t\t<style>\/*! elementor - v3.5.5 - 03-02-2022 *\/\n.elementor-widget-text-editor.elementor-drop-cap-view-stacked .elementor-drop-cap{background-color:#818a91;color:#fff}.elementor-widget-text-editor.elementor-drop-cap-view-framed .elementor-drop-cap{color:#818a91;border:3px solid;background-color:transparent}.elementor-widget-text-editor:not(.elementor-drop-cap-view-default) .elementor-drop-cap{margin-top:8px}.elementor-widget-text-editor:not(.elementor-drop-cap-view-default) .elementor-drop-cap-letter{width:1em;height:1em}.elementor-widget-text-editor .elementor-drop-cap{float:left;text-align:center;line-height:1;font-size:50px}.elementor-widget-text-editor .elementor-drop-cap-letter{display:inline-block}<\/style>\t\t\t\t<div><strong>Mai mult dec\u00e2t o sp\u0103l\u0103torie \u2013 un partener logistic complet pentru textilele tale<\/strong><\/div>\n<div>&nbsp;<\/div>\n<p>La Oltenia Laundry, oferim un pachet complet de servicii profesionale dedicate at\u00e2t industriei HORECA (hoteluri de 2\u20135 stele), c\u00e2t \u0219i unit\u0103\u021bilor sanitare (spitale, clinici, centre de dializ\u0103, c\u0103mine pentru v\u00e2rstnici etc.).<br>Fie c\u0103 ne ocup\u0103m de textilele clientului, fie c\u0103 prelu\u0103m \u00eentreaga responsabilitate prin serviciul de leasing textil, avem capacitatea, echipamentele \u0219i echipa necesare pentru a r\u0103spunde impecabil.<\/p>\n<p>Ce oferim concret?<\/p>\n<p>1. Servicii logistice integrate:<br>&#8211; Ridicare \u0219i livrare a textilelor cu flot\u0103 proprie (dube \u0219i camioane echipate)<br>&#8211; Serviciu personalizat, cu frecven\u021b\u0103 adaptat\u0103 nevoilor fiec\u0103rui client<br>&#8211; Acoperire extins\u0103: Rom\u00e2nia \u2013 Sud si Sud-Vest | Serbia | Bulgaria<\/p>\n<p>2. Trasabilitate total\u0103 prin tehnologie RFID:<br>&#8211; Etichetare \u0219i \u00eenregistrare RFID a fiec\u0103rui articol textil<br>&#8211; Urm\u0103rire \u00een cloud \u00een timp real \u2013 vizibilitate complet\u0103 pentru client<br>&#8211; Control al rota\u021biei stocurilor \u0219i al duratei de via\u021b\u0103 a textilelor<\/p>\n<p>3. Servicii complete de procesare a textilelor:<br>&#8211; Sp\u0103lare profesional\u0103 \u0219i dezinfectare conform normelor UE<br>&#8211; Stoarcere, uscare \u0219i c\u0103lcare cu echipamente de top<br>&#8211; \u00cempachetare, stivuire \u0219i sortare pe client\/zon\u0103\/camer\u0103<br>&#8211; \u00cenc\u0103rcare \u00een c\u0103rucioare sigilate, pentru o livrare igienic\u0103 \u0219i eficient\u0103<\/p>\n<p>Dou\u0103 modele de lucru, o singur\u0103 calitate:<\/p>\n<p>1. Servicii pentru textilele clientului:<br>Proces\u0103m, igieniz\u0103m \u0219i return\u0103m textilele existente ale clientului cu maxim\u0103 aten\u021bie, trasabilitate \u0219i respect pentru specifica\u021biile de branding (logo, dimensiuni, materiale).<\/p>\n<p>2. Serviciu complet de leasing textil:<br>Punem la dispozi\u021bie textile de la cei mai buni produc\u0103tori europeni, cu standarde conforme categoriilor de confort 2\u20135 stele.<br>Clientul nu investe\u0219te \u00een textile \u2013 pl\u0103te\u0219te doar serviciul lunar.<br>Noi livr\u0103m, \u00eentre\u021binem, \u00eenlocuim \u0219i garant\u0103m permanentul stoc necesar.<\/p>\n<p>De ce Oltenia Laundry?<br>&#8211; Flot\u0103 proprie, promptitudine \u0219i flexibilitate logistic\u0103<br>&#8211; Unul dintre cele mai moderne centre de sp\u0103lare din Rom\u00e2nia \u2013 1.200 kg\/h<br>&#8211; Prezen\u021b\u0103 regional\u0103 \u00een 3 \u021b\u0103ri: Rom\u00e2nia, Serbia, Bulgaria<br>&#8211; Control total al calit\u0103\u021bii prin RFID \u0219i auditabilitate complet\u0103<br>&#8211; Un partener uman: f\u0103r\u0103 robo\u021bi, f\u0103r\u0103 call-centere, doar r\u0103spunsuri directe \u0219i rapide<\/p>\t\t\t\t\t\t<\/div>\n\t\t\t\t<\/div>\n\t\t\t\t<div class=\"elementor-element elementor-element-kbewtpd elementor-align-center elementor-widget elementor-widget-button\" data-id=\"kbewtpd\" data-element_type=\"widget\" data-widget_type=\"button.default\">\n\t\t\t\t<div class=\"elementor-widget-container\">\n\t\t\t\t\t<div class=\"elementor-button-wrapper\">\n\t\t\t<a href=\"https:\/\/oltenialaundry.ro\/contact\/\" class=\"elementor-button-link elementor-button elementor-size-sm\" role=\"button\">\n\t\t\t\t\t\t<span class=\"elementor-button-content-wrapper\">\n\t\t\t\t\t\t<span class=\"elementor-button-text\">Contact<\/span>\n\t\t<\/span>\n\t\t\t\t\t<\/a>\n\t\t<\/div>\n\t\t\t\t<\/div>\n\t\t\t\t<\/div>\n\t\t\t\t\t<\/div>\n\t\t<\/div>\n\t\t\t\t\t\t\t<\/div>\n\t\t<\/section>\n\t\t\t\t\t\t<\/div>\n\t\t\t\t\t<\/div>\n\t\t","protected":false},"excerpt":{"rendered":"<p>Serviciile Noastre Mai mult dec\u00e2t o sp\u0103l\u0103torie \u2013 un partener logistic complet pentru textilele tale &nbsp; La Oltenia Laundry, oferim un pachet complet de servicii profesionale dedicate at\u00e2t industriei HORECA (hoteluri de 2\u20135 stele), c\u00e2t \u0219i unit\u0103\u021bilor sanitare (spitale, clinici, centre de dializ\u0103, c\u0103mine pentru v\u00e2rstnici etc.).Fie c\u0103 ne ocup\u0103m de textilele clientului, fie c\u0103 [&hellip;]<\/p>\n","protected":false},"author":4,"featured_media":0,"parent":0,"menu_order":0,"comment_status":"closed","ping_status":"closed","template":"","meta":{"footnotes":""},"class_list":["post-501","page","type-page","status-publish","hentry","entry"],"yoast_head":"<!-- This site is optimized with the Yoast SEO plugin v19.5.1 - https:\/\/yoast.com\/wordpress\/plugins\/seo\/ -->\n<title>Servicii - Oltenia Laundry<\/title>\n<meta name=\"robots\" content=\"index, follow, max-snippet:-1, max-image-preview:large, max-video-preview:-1\" \/>\n<link rel=\"canonical\" href=\"http:\/\/oltenialaundry.ro\/ro\/servicii\/\" \/>\n<meta property=\"og:locale\" content=\"ro_RO\" \/>\n<meta property=\"og:type\" content=\"article\" \/>\n<meta property=\"og:title\" content=\"Servicii - Oltenia Laundry\" \/>\n<meta property=\"og:description\" content=\"Serviciile Noastre Mai mult dec\u00e2t o sp\u0103l\u0103torie \u2013 un partener logistic complet pentru textilele tale &nbsp; La Oltenia Laundry, oferim un pachet complet de servicii profesionale dedicate at\u00e2t industriei HORECA (hoteluri de 2\u20135 stele), c\u00e2t \u0219i unit\u0103\u021bilor sanitare (spitale, clinici, centre de dializ\u0103, c\u0103mine pentru v\u00e2rstnici etc.).Fie c\u0103 ne ocup\u0103m de textilele clientului, fie c\u0103 [&hellip;]\" \/>\n<meta property=\"og:url\" content=\"http:\/\/oltenialaundry.ro\/ro\/servicii\/\" \/>\n<meta property=\"og:site_name\" content=\"Oltenia Laundry\" \/>\n<meta property=\"article:modified_time\" content=\"2025-06-24T17:43:46+00:00\" \/>\n<meta name=\"twitter:card\" content=\"summary_large_image\" \/>\n<meta name=\"twitter:label1\" content=\"Est. reading time\" \/>\n\t<meta name=\"twitter:data1\" content=\"2 minute\" \/>\n<script type=\"application\/ld+json\" class=\"yoast-schema-graph\">{\"@context\":\"https:\/\/schema.org\",\"@graph\":[{\"@type\":\"WebPage\",\"@id\":\"https:\/\/oltenialaundry.ro\/servicii\/\",\"url\":\"https:\/\/oltenialaundry.ro\/servicii\/\",\"name\":\"Servicii - Oltenia Laundry\",\"isPartOf\":{\"@id\":\"https:\/\/oltenialaundry.ro\/#website\"},\"datePublished\":\"2016-09-27T15:47:43+00:00\",\"dateModified\":\"2025-06-24T17:43:46+00:00\",\"breadcrumb\":{\"@id\":\"https:\/\/oltenialaundry.ro\/servicii\/#breadcrumb\"},\"inLanguage\":\"ro-RO\",\"potentialAction\":[{\"@type\":\"ReadAction\",\"target\":[\"https:\/\/oltenialaundry.ro\/servicii\/\"]}]},{\"@type\":\"BreadcrumbList\",\"@id\":\"https:\/\/oltenialaundry.ro\/servicii\/#breadcrumb\",\"itemListElement\":[{\"@type\":\"ListItem\",\"position\":1,\"name\":\"Home\",\"item\":\"https:\/\/oltenialaundry.ro\/\"},{\"@type\":\"ListItem\",\"position\":2,\"name\":\"Servicii\"}]},{\"@type\":\"WebSite\",\"@id\":\"https:\/\/oltenialaundry.ro\/#website\",\"url\":\"https:\/\/oltenialaundry.ro\/\",\"name\":\"Oltenia Laundry\",\"description\":\"Industrial Textile Laundry\",\"publisher\":{\"@id\":\"https:\/\/oltenialaundry.ro\/#organization\"},\"potentialAction\":[{\"@type\":\"SearchAction\",\"target\":{\"@type\":\"EntryPoint\",\"urlTemplate\":\"https:\/\/oltenialaundry.ro\/?s={search_term_string}\"},\"query-input\":\"required name=search_term_string\"}],\"inLanguage\":\"ro-RO\"},{\"@type\":\"Organization\",\"@id\":\"https:\/\/oltenialaundry.ro\/#organization\",\"name\":\"Oltenia Laundry\",\"url\":\"https:\/\/oltenialaundry.ro\/\",\"sameAs\":[],\"logo\":{\"@type\":\"ImageObject\",\"inLanguage\":\"ro-RO\",\"@id\":\"https:\/\/oltenialaundry.ro\/#\/schema\/logo\/image\/\",\"url\":\"https:\/\/oltenialaundry.ro\/wp-content\/uploads\/2022\/02\/Logo-Oltenia-Laundry.png\",\"contentUrl\":\"https:\/\/oltenialaundry.ro\/wp-content\/uploads\/2022\/02\/Logo-Oltenia-Laundry.png\",\"width\":944,\"height\":299,\"caption\":\"Oltenia Laundry\"},\"image\":{\"@id\":\"https:\/\/oltenialaundry.ro\/#\/schema\/logo\/image\/\"}}]}<\/script>\n<!-- \/ Yoast SEO plugin. -->","yoast_head_json":{"title":"Servicii - Oltenia Laundry","robots":{"index":"index","follow":"follow","max-snippet":"max-snippet:-1","max-image-preview":"max-image-preview:large","max-video-preview":"max-video-preview:-1"},"canonical":"http:\/\/oltenialaundry.ro\/ro\/servicii\/","og_locale":"ro_RO","og_type":"article","og_title":"Servicii - Oltenia Laundry","og_description":"Serviciile Noastre Mai mult dec\u00e2t o sp\u0103l\u0103torie \u2013 un partener logistic complet pentru textilele tale &nbsp; La Oltenia Laundry, oferim un pachet complet de servicii profesionale dedicate at\u00e2t industriei HORECA (hoteluri de 2\u20135 stele), c\u00e2t \u0219i unit\u0103\u021bilor sanitare (spitale, clinici, centre de dializ\u0103, c\u0103mine pentru v\u00e2rstnici etc.).Fie c\u0103 ne ocup\u0103m de textilele clientului, fie c\u0103 [&hellip;]","og_url":"http:\/\/oltenialaundry.ro\/ro\/servicii\/","og_site_name":"Oltenia Laundry","article_modified_time":"2025-06-24T17:43:46+00:00","twitter_card":"summary_large_image","twitter_misc":{"Est. reading time":"2 minute"},"schema":{"@context":"https:\/\/schema.org","@graph":[{"@type":"WebPage","@id":"https:\/\/oltenialaundry.ro\/servicii\/","url":"https:\/\/oltenialaundry.ro\/servicii\/","name":"Servicii - Oltenia Laundry","isPartOf":{"@id":"https:\/\/oltenialaundry.ro\/#website"},"datePublished":"2016-09-27T15:47:43+00:00","dateModified":"2025-06-24T17:43:46+00:00","breadcrumb":{"@id":"https:\/\/oltenialaundry.ro\/servicii\/#breadcrumb"},"inLanguage":"ro-RO","potentialAction":[{"@type":"ReadAction","target":["https:\/\/oltenialaundry.ro\/servicii\/"]}]},{"@type":"BreadcrumbList","@id":"https:\/\/oltenialaundry.ro\/servicii\/#breadcrumb","itemListElement":[{"@type":"ListItem","position":1,"name":"Home","item":"https:\/\/oltenialaundry.ro\/"},{"@type":"ListItem","position":2,"name":"Servicii"}]},{"@type":"WebSite","@id":"https:\/\/oltenialaundry.ro\/#website","url":"https:\/\/oltenialaundry.ro\/","name":"Oltenia Laundry","description":"Industrial Textile Laundry","publisher":{"@id":"https:\/\/oltenialaundry.ro\/#organization"},"potentialAction":[{"@type":"SearchAction","target":{"@type":"EntryPoint","urlTemplate":"https:\/\/oltenialaundry.ro\/?s={search_term_string}"},"query-input":"required name=search_term_string"}],"inLanguage":"ro-RO"},{"@type":"Organization","@id":"https:\/\/oltenialaundry.ro\/#organization","name":"Oltenia Laundry","url":"https:\/\/oltenialaundry.ro\/","sameAs":[],"logo":{"@type":"ImageObject","inLanguage":"ro-RO","@id":"https:\/\/oltenialaundry.ro\/#\/schema\/logo\/image\/","url":"https:\/\/oltenialaundry.ro\/wp-content\/uploads\/2022\/02\/Logo-Oltenia-Laundry.png","contentUrl":"https:\/\/oltenialaundry.ro\/wp-content\/uploads\/2022\/02\/Logo-Oltenia-Laundry.png","width":944,"height":299,"caption":"Oltenia Laundry"},"image":{"@id":"https:\/\/oltenialaundry.ro\/#\/schema\/logo\/image\/"}}]}},"_links":{"self":[{"href":"http:\/\/oltenialaundry.ro\/ro\/wp-json\/wp\/v2\/pages\/501","targetHints":{"allow":["GET"]}}],"collection":[{"href":"http:\/\/oltenialaundry.ro\/ro\/wp-json\/wp\/v2\/pages"}],"about":[{"href":"http:\/\/oltenialaundry.ro\/ro\/wp-json\/wp\/v2\/types\/page"}],"author":[{"embeddable":true,"href":"http:\/\/oltenialaundry.ro\/ro\/wp-json\/wp\/v2\/users\/4"}],"replies":[{"embeddable":true,"href":"http:\/\/oltenialaundry.ro\/ro\/wp-json\/wp\/v2\/comments?post=501"}],"version-history":[{"count":66,"href":"http:\/\/oltenialaundry.ro\/ro\/wp-json\/wp\/v2\/pages\/501\/revisions"}],"predecessor-version":[{"id":1622,"href":"http:\/\/oltenialaundry.ro\/ro\/wp-json\/wp\/v2\/pages\/501\/revisions\/1622"}],"wp:attachment":[{"href":"http:\/\/oltenialaundry.ro\/ro\/wp-json\/wp\/v2\/media?parent=501"}],"curies":[{"name":"wp","href":"https:\/\/api.w.org\/{rel}","templated":true}]}}