{"id":1517,"date":"2025-06-24T20:46:23","date_gmt":"2025-06-24T17:46:23","guid":{"rendered":"https:\/\/oltenialaundry.ro\/?page_id=1517"},"modified":"2025-06-25T21:09:21","modified_gmt":"2025-06-25T18:09:21","slug":"presa","status":"publish","type":"page","link":"https:\/\/oltenialaundry.ro\/en\/presa\/","title":{"rendered":"Press"},"content":{"rendered":"<div data-elementor-type=\"wp-page\" data-elementor-id=\"1517\" class=\"elementor elementor-1517\" data-elementor-settings=\"[]\">\n\t\t\t\t\t\t\t<div class=\"elementor-section-wrap\">\n\t\t\t\t\t\t\t<section data-particle_enable=\"false\" data-particle-mobile-disabled=\"false\" class=\"elementor-section elementor-top-section elementor-element elementor-element-wyxizls elementor-section-content-middle elementor-section-boxed elementor-section-height-default elementor-section-height-default\" data-id=\"wyxizls\" data-element_type=\"section\">\n\t\t\t\t\t\t<div class=\"elementor-container elementor-column-gap-default\">\n\t\t\t\t\t<div class=\"elementor-column elementor-col-100 elementor-top-column elementor-element elementor-element-ibtffgp\" data-id=\"ibtffgp\" data-element_type=\"column\">\n\t\t\t<div class=\"elementor-widget-wrap elementor-element-populated\">\n\t\t\t\t\t\t\t\t<div class=\"elementor-element elementor-element-xdpmieu elementor-widget elementor-widget-heading\" data-id=\"xdpmieu\" data-element_type=\"widget\" data-widget_type=\"heading.default\">\n\t\t\t\t<div class=\"elementor-widget-container\">\n\t\t\t<style>\/*! elementor - v3.5.5 - 03-02-2022 *\/\n.elementor-heading-title{padding:0;margin:0;line-height:1}.elementor-widget-heading .elementor-heading-title[class*=elementor-size-]>a{color:inherit;font-size:inherit;line-height:inherit}.elementor-widget-heading .elementor-heading-title.elementor-size-small{font-size:15px}.elementor-widget-heading .elementor-heading-title.elementor-size-medium{font-size:19px}.elementor-widget-heading .elementor-heading-title.elementor-size-large{font-size:29px}.elementor-widget-heading .elementor-heading-title.elementor-size-xl{font-size:39px}.elementor-widget-heading .elementor-heading-title.elementor-size-xxl{font-size:59px}<\/style><h2 class=\"elementor-heading-title elementor-size-default\"><p>INTERVIU CU FONDATORUL <b>OLTENIA LAUNDRY<\/b>: <br>\u201eProfesionalismul nu e o op\u021biune, ci o obliga\u021bie\u201d<\/p><\/h2>\t\t<\/div>\n\t\t\t\t<\/div>\n\t\t\t\t<div class=\"elementor-element elementor-element-d319c22 elementor-hidden-desktop elementor-widget elementor-widget-image\" data-id=\"d319c22\" data-element_type=\"widget\" data-widget_type=\"image.default\">\n\t\t\t\t<div class=\"elementor-widget-container\">\n\t\t\t<style>\/*! elementor - v3.5.5 - 03-02-2022 *\/\n.elementor-widget-image{text-align:center}.elementor-widget-image a{display:inline-block}.elementor-widget-image a img[src$=\".svg\"]{width:48px}.elementor-widget-image img{vertical-align:middle;display:inline-block}<\/style>\t\t\t\t\t\t\t\t\t\t\t\t<img loading=\"lazy\" decoding=\"async\" width=\"1200\" height=\"628\" src=\"https:\/\/oltenialaundry.ro\/wp-content\/uploads\/2022\/02\/image_2022-02-23_103817.png\" class=\"attachment-full size-full\" alt=\"\" \/>\t\t\t\t\t\t\t\t\t\t\t\t\t\t\t<\/div>\n\t\t\t\t<\/div>\n\t\t\t\t<div class=\"elementor-element elementor-element-nhkduna elementor-widget elementor-widget-text-editor\" data-id=\"nhkduna\" data-element_type=\"widget\" data-widget_type=\"text-editor.default\">\n\t\t\t\t<div class=\"elementor-widget-container\">\n\t\t\t<style>\/*! elementor - v3.5.5 - 03-02-2022 *\/\n.elementor-widget-text-editor.elementor-drop-cap-view-stacked .elementor-drop-cap{background-color:#818a91;color:#fff}.elementor-widget-text-editor.elementor-drop-cap-view-framed .elementor-drop-cap{color:#818a91;border:3px solid;background-color:transparent}.elementor-widget-text-editor:not(.elementor-drop-cap-view-default) .elementor-drop-cap{margin-top:8px}.elementor-widget-text-editor:not(.elementor-drop-cap-view-default) .elementor-drop-cap-letter{width:1em;height:1em}.elementor-widget-text-editor .elementor-drop-cap{float:left;text-align:center;line-height:1;font-size:50px}.elementor-widget-text-editor .elementor-drop-cap-letter{display:inline-block}<\/style>\t\t\t\t<h2><a href=\"https:\/\/ziaruldevalcea.ro\/2025\/04\/interviu-cu-fondatorul-oltenia-laundry-profesionalismul-nu-e-o-optiune-ci-o-obligatie\/\"><strong><span style=\"text-decoration: underline; color: blue;\">https:\/\/ziaruldevalcea.ro\/2025\/04\/interviu-cu-fondatorul-oltenia-laundry-profesionalismul-nu-e-o-optiune-ci-o-obligatie\/<\/span><\/strong><\/a><\/h2><p><strong>1. C\u00e2nd \u0219i cum a \u00eenceput povestea Oltenia Laundry?<\/strong><\/p><p>Oltenia Laundry a luat na\u0219tere \u00een 2011, \u00een Drobeta Turnu Severin, din nevoia evident\u0103 a pie\u021bei<br \/>locale pentru o sp\u0103l\u0103torie profesional\u0103, \u00een special pentru sectorul HoReCa. La vremea<br \/>respectiv\u0103, nu exista \u00een zon\u0103 nicio unitate capabil\u0103 s\u0103 r\u0103spund\u0103 exigen\u021belor ridicate ale industriei<br \/>ospitalit\u0103\u021bii. Ulterior, ne-am extins serviciile \u0219i \u00een zona sanitar\u0103, \u00eencep\u00e2nd cu toate spitalele din<br \/>jude\u021bul Mehedin\u021bi.<\/p><p><strong>2. Cum a evoluat compania \u00een anii urm\u0103tori?<\/strong><\/p><p>Ne-am dezvoltat natural, pas cu pas. Am ajuns rapid \u0219i \u00een jude\u021bul Dolj, iar \u00een 2015 am f\u0103cut un<br \/>pas \u00eendr\u0103zne\u021b: ne-am extins \u00een partea opus\u0103 a \u021b\u0103rii, la Satu Mare, unde am preluat toate<br \/>spitalele jude\u021bului. A fost o experien\u021b\u0103 &#8230; <a href=\"https:\/\/ziaruldevalcea.ro\/2025\/04\/interviu-cu-fondatorul-oltenia-laundry-profesionalismul-nu-e-o-optiune-ci-o-obligatie\/\"><b>citeste mai departe<\/b><\/a><b><\/b><\/p>\t\t\t\t\t\t<\/div>\n\t\t\t\t<\/div>\n\t\t\t\t<div class=\"elementor-element elementor-element-kbewtpd elementor-align-center elementor-widget elementor-widget-button\" data-id=\"kbewtpd\" data-element_type=\"widget\" data-widget_type=\"button.default\">\n\t\t\t\t<div class=\"elementor-widget-container\">\n\t\t\t\t\t<div class=\"elementor-button-wrapper\">\n\t\t\t<a href=\"https:\/\/oltenialaundry.ro\/en\/contact\/\" class=\"elementor-button-link elementor-button elementor-size-sm\" role=\"button\">\n\t\t\t\t\t\t<span class=\"elementor-button-content-wrapper\">\n\t\t\t\t\t\t<span class=\"elementor-button-text\">Contact<\/span>\n\t\t<\/span>\n\t\t\t\t\t<\/a>\n\t\t<\/div>\n\t\t\t\t<\/div>\n\t\t\t\t<\/div>\n\t\t\t\t\t<\/div>\n\t\t<\/div>\n\t\t\t\t\t\t\t<\/div>\n\t\t<\/section>\n\t\t\t\t\t\t<\/div>\n\t\t\t\t\t<\/div>","protected":false},"excerpt":{"rendered":"<p>INTERVIU CU FONDATORUL OLTENIA LAUNDRY: \u201eProfesionalismul nu e o op\u021biune, ci o obliga\u021bie\u201d https:\/\/ziaruldevalcea.ro\/2025\/04\/interviu-cu-fondatorul-oltenia-laundry-profesionalismul-nu-e-o-optiune-ci-o-obligatie\/ 1. C\u00e2nd \u0219i cum a \u00eenceput povestea Oltenia Laundry? Oltenia Laundry a luat na\u0219tere \u00een 2011, \u00een Drobeta Turnu Severin, din nevoia evident\u0103 a pie\u021beilocale pentru o sp\u0103l\u0103torie profesional\u0103, \u00een special pentru sectorul HoReCa. La vremearespectiv\u0103, nu exista \u00een zon\u0103 nicio [&hellip;]<\/p>","protected":false},"author":2,"featured_media":0,"parent":0,"menu_order":0,"comment_status":"closed","ping_status":"closed","template":"","meta":{"footnotes":""},"class_list":["post-1517","page","type-page","status-publish","hentry","entry"],"yoast_head":"<!-- This site is optimized with the Yoast SEO plugin v19.5.1 - https:\/\/yoast.com\/wordpress\/plugins\/seo\/ -->\n<title>Presa - Oltenia Laundry<\/title>\n<meta name=\"robots\" content=\"index, follow, max-snippet:-1, max-image-preview:large, max-video-preview:-1\" \/>\n<link rel=\"canonical\" href=\"https:\/\/oltenialaundry.ro\/en\/presa\/\" \/>\n<meta property=\"og:locale\" content=\"en_US\" \/>\n<meta property=\"og:type\" content=\"article\" \/>\n<meta property=\"og:title\" content=\"Presa - Oltenia Laundry\" \/>\n<meta property=\"og:description\" content=\"INTERVIU CU FONDATORUL OLTENIA LAUNDRY: \u201eProfesionalismul nu e o op\u021biune, ci o obliga\u021bie\u201d https:\/\/ziaruldevalcea.ro\/2025\/04\/interviu-cu-fondatorul-oltenia-laundry-profesionalismul-nu-e-o-optiune-ci-o-obligatie\/ 1. C\u00e2nd \u0219i cum a \u00eenceput povestea Oltenia Laundry? Oltenia Laundry a luat na\u0219tere \u00een 2011, \u00een Drobeta Turnu Severin, din nevoia evident\u0103 a pie\u021beilocale pentru o sp\u0103l\u0103torie profesional\u0103, \u00een special pentru sectorul HoReCa. La vremearespectiv\u0103, nu exista \u00een zon\u0103 nicio [&hellip;]\" \/>\n<meta property=\"og:url\" content=\"https:\/\/oltenialaundry.ro\/en\/presa\/\" \/>\n<meta property=\"og:site_name\" content=\"Oltenia Laundry\" \/>\n<meta property=\"article:modified_time\" content=\"2025-06-25T18:09:21+00:00\" \/>\n<meta property=\"og:image\" content=\"https:\/\/oltenialaundry.ro\/wp-content\/uploads\/2022\/02\/image_2022-02-23_103817.png\" \/>\n<meta name=\"twitter:card\" content=\"summary_large_image\" \/>\n<meta name=\"twitter:label1\" content=\"Est. reading time\" \/>\n\t<meta name=\"twitter:data1\" content=\"1 minute\" \/>\n<script type=\"application\/ld+json\" class=\"yoast-schema-graph\">{\"@context\":\"https:\/\/schema.org\",\"@graph\":[{\"@type\":\"WebPage\",\"@id\":\"https:\/\/oltenialaundry.ro\/presa\/\",\"url\":\"https:\/\/oltenialaundry.ro\/presa\/\",\"name\":\"Presa - Oltenia Laundry\",\"isPartOf\":{\"@id\":\"https:\/\/oltenialaundry.ro\/#website\"},\"datePublished\":\"2025-06-24T17:46:23+00:00\",\"dateModified\":\"2025-06-25T18:09:21+00:00\",\"breadcrumb\":{\"@id\":\"https:\/\/oltenialaundry.ro\/presa\/#breadcrumb\"},\"inLanguage\":\"en-US\",\"potentialAction\":[{\"@type\":\"ReadAction\",\"target\":[\"https:\/\/oltenialaundry.ro\/presa\/\"]}]},{\"@type\":\"BreadcrumbList\",\"@id\":\"https:\/\/oltenialaundry.ro\/presa\/#breadcrumb\",\"itemListElement\":[{\"@type\":\"ListItem\",\"position\":1,\"name\":\"Home\",\"item\":\"https:\/\/oltenialaundry.ro\/\"},{\"@type\":\"ListItem\",\"position\":2,\"name\":\"Presa\"}]},{\"@type\":\"WebSite\",\"@id\":\"https:\/\/oltenialaundry.ro\/#website\",\"url\":\"https:\/\/oltenialaundry.ro\/\",\"name\":\"Oltenia Laundry\",\"description\":\"Industrial Textile Laundry\",\"publisher\":{\"@id\":\"https:\/\/oltenialaundry.ro\/#organization\"},\"potentialAction\":[{\"@type\":\"SearchAction\",\"target\":{\"@type\":\"EntryPoint\",\"urlTemplate\":\"https:\/\/oltenialaundry.ro\/?s={search_term_string}\"},\"query-input\":\"required name=search_term_string\"}],\"inLanguage\":\"en-US\"},{\"@type\":\"Organization\",\"@id\":\"https:\/\/oltenialaundry.ro\/#organization\",\"name\":\"Oltenia Laundry\",\"url\":\"https:\/\/oltenialaundry.ro\/\",\"sameAs\":[],\"logo\":{\"@type\":\"ImageObject\",\"inLanguage\":\"en-US\",\"@id\":\"https:\/\/oltenialaundry.ro\/#\/schema\/logo\/image\/\",\"url\":\"https:\/\/oltenialaundry.ro\/wp-content\/uploads\/2022\/02\/Logo-Oltenia-Laundry.png\",\"contentUrl\":\"https:\/\/oltenialaundry.ro\/wp-content\/uploads\/2022\/02\/Logo-Oltenia-Laundry.png\",\"width\":944,\"height\":299,\"caption\":\"Oltenia Laundry\"},\"image\":{\"@id\":\"https:\/\/oltenialaundry.ro\/#\/schema\/logo\/image\/\"}}]}<\/script>\n<!-- \/ Yoast SEO plugin. -->","yoast_head_json":{"title":"Presa - Oltenia Laundry","robots":{"index":"index","follow":"follow","max-snippet":"max-snippet:-1","max-image-preview":"max-image-preview:large","max-video-preview":"max-video-preview:-1"},"canonical":"https:\/\/oltenialaundry.ro\/en\/presa\/","og_locale":"en_US","og_type":"article","og_title":"Presa - Oltenia Laundry","og_description":"INTERVIU CU FONDATORUL OLTENIA LAUNDRY: \u201eProfesionalismul nu e o op\u021biune, ci o obliga\u021bie\u201d https:\/\/ziaruldevalcea.ro\/2025\/04\/interviu-cu-fondatorul-oltenia-laundry-profesionalismul-nu-e-o-optiune-ci-o-obligatie\/ 1. C\u00e2nd \u0219i cum a \u00eenceput povestea Oltenia Laundry? Oltenia Laundry a luat na\u0219tere \u00een 2011, \u00een Drobeta Turnu Severin, din nevoia evident\u0103 a pie\u021beilocale pentru o sp\u0103l\u0103torie profesional\u0103, \u00een special pentru sectorul HoReCa. La vremearespectiv\u0103, nu exista \u00een zon\u0103 nicio [&hellip;]","og_url":"https:\/\/oltenialaundry.ro\/en\/presa\/","og_site_name":"Oltenia Laundry","article_modified_time":"2025-06-25T18:09:21+00:00","og_image":[{"url":"https:\/\/oltenialaundry.ro\/wp-content\/uploads\/2022\/02\/image_2022-02-23_103817.png"}],"twitter_card":"summary_large_image","twitter_misc":{"Est. reading time":"1 minute"},"schema":{"@context":"https:\/\/schema.org","@graph":[{"@type":"WebPage","@id":"https:\/\/oltenialaundry.ro\/presa\/","url":"https:\/\/oltenialaundry.ro\/presa\/","name":"Presa - Oltenia Laundry","isPartOf":{"@id":"https:\/\/oltenialaundry.ro\/#website"},"datePublished":"2025-06-24T17:46:23+00:00","dateModified":"2025-06-25T18:09:21+00:00","breadcrumb":{"@id":"https:\/\/oltenialaundry.ro\/presa\/#breadcrumb"},"inLanguage":"en-US","potentialAction":[{"@type":"ReadAction","target":["https:\/\/oltenialaundry.ro\/presa\/"]}]},{"@type":"BreadcrumbList","@id":"https:\/\/oltenialaundry.ro\/presa\/#breadcrumb","itemListElement":[{"@type":"ListItem","position":1,"name":"Home","item":"https:\/\/oltenialaundry.ro\/"},{"@type":"ListItem","position":2,"name":"Presa"}]},{"@type":"WebSite","@id":"https:\/\/oltenialaundry.ro\/#website","url":"https:\/\/oltenialaundry.ro\/","name":"Oltenia Laundry","description":"Industrial Textile Laundry","publisher":{"@id":"https:\/\/oltenialaundry.ro\/#organization"},"potentialAction":[{"@type":"SearchAction","target":{"@type":"EntryPoint","urlTemplate":"https:\/\/oltenialaundry.ro\/?s={search_term_string}"},"query-input":"required name=search_term_string"}],"inLanguage":"en-US"},{"@type":"Organization","@id":"https:\/\/oltenialaundry.ro\/#organization","name":"Oltenia Laundry","url":"https:\/\/oltenialaundry.ro\/","sameAs":[],"logo":{"@type":"ImageObject","inLanguage":"en-US","@id":"https:\/\/oltenialaundry.ro\/#\/schema\/logo\/image\/","url":"https:\/\/oltenialaundry.ro\/wp-content\/uploads\/2022\/02\/Logo-Oltenia-Laundry.png","contentUrl":"https:\/\/oltenialaundry.ro\/wp-content\/uploads\/2022\/02\/Logo-Oltenia-Laundry.png","width":944,"height":299,"caption":"Oltenia Laundry"},"image":{"@id":"https:\/\/oltenialaundry.ro\/#\/schema\/logo\/image\/"}}]}},"_links":{"self":[{"href":"https:\/\/oltenialaundry.ro\/en\/wp-json\/wp\/v2\/pages\/1517","targetHints":{"allow":["GET"]}}],"collection":[{"href":"https:\/\/oltenialaundry.ro\/en\/wp-json\/wp\/v2\/pages"}],"about":[{"href":"https:\/\/oltenialaundry.ro\/en\/wp-json\/wp\/v2\/types\/page"}],"author":[{"embeddable":true,"href":"https:\/\/oltenialaundry.ro\/en\/wp-json\/wp\/v2\/users\/2"}],"replies":[{"embeddable":true,"href":"https:\/\/oltenialaundry.ro\/en\/wp-json\/wp\/v2\/comments?post=1517"}],"version-history":[{"count":28,"href":"https:\/\/oltenialaundry.ro\/en\/wp-json\/wp\/v2\/pages\/1517\/revisions"}],"predecessor-version":[{"id":1646,"href":"https:\/\/oltenialaundry.ro\/en\/wp-json\/wp\/v2\/pages\/1517\/revisions\/1646"}],"wp:attachment":[{"href":"https:\/\/oltenialaundry.ro\/en\/wp-json\/wp\/v2\/media?parent=1517"}],"curies":[{"name":"wp","href":"https:\/\/api.w.org\/{rel}","templated":true}]}}