{"id":970,"date":"2022-02-19T13:59:37","date_gmt":"2022-02-19T13:59:37","guid":{"rendered":"https:\/\/oltenialaundry.ro\/?page_id=970"},"modified":"2022-07-22T10:17:31","modified_gmt":"2022-07-22T07:17:31","slug":"termeni-si-conditii","status":"publish","type":"page","link":"https:\/\/oltenialaundry.ro\/en\/termeni-si-conditii\/","title":{"rendered":"Terms and conditions"},"content":{"rendered":"<p>Prezentul regulament reprezint\u0103 termenii \u0219i condi\u021biile de utilizare ale site-ului www.oltenialaundry.ro.<\/p>\n\n\n\n<p><strong>I. INTRODUCERE<\/strong><\/p>\n\n\n\n<p>1. BUDU COM MIXT SRL , CUI 4040709 cu sediul \u00een Drobeta Turnu Severin, permite vizualizarea serviciilor, a ofertelor \u0219i a articolelor oferite de c\u0103tre entitatea anterior men\u021bionat\u0103 \u2013 de la adresa: www.oltenialaundry.ro (<strong>\u201eWEBSITE\u201d<\/strong>).<\/p>\n\n\n\n<p>&nbsp;2. Prezentul Regulament se adreseaz\u0103 tuturor utilizatorilor website-ului \u015fi stabile\u015fte regulile de utilizare ale acestuia.<\/p>\n\n\n\n<p>3. Poate accesa Regulamentul orice utilizator al website-ului, \u00een orice moment, \u201cd\u00e2nd click\u201d pe link-ul \u201eTermeni si Conditii\u201d aflat pe pagina de web a site-ului.<\/p>\n\n\n\n<p>4. Informa\u0163iile despre articolele din website \u2013 printre altele, descrieri, pre\u0163uri \u2013 NU constituie o ofert\u0103 de&nbsp; \u00eencheierea de contracte de v\u00e2nzare la distan\u021ba \u00een sensul legilor \u00een vigoare, conform condi\u021biilor din documentul Termeni \u015fi Condi\u021bii.<\/p>\n\n\n\n<p>5. Fotografiile \u015fi prezent\u0103rile post\u0103rilor oferite au drept scop prezentarea acestora.<\/p>\n\n\n\n<p><strong>II. REGULILE DE UTILIZARE A WEBSITE-ULUI<\/strong><\/p>\n\n\n\n<p>1. Prin site-ul www.oltenialaundry.ro nu se \u00eencheie contracte de v\u00e2nzare cu persoane fizice sau juridice.<\/p>\n\n\n\n<p>2. Condi\u0163ia \u00eenceperii utiliz\u0103rii website-ului este cunoa\u015fterea acestui Regulament \u015fi acceptarea sa.<\/p>\n\n\n\n<p>3. Website-ul ia toate m\u0103surile tehnice \u015fi administrative posibile \u015fi impuse de legisla\u021bia \u00een vigoare, menite a proteja datele personale ale clien\u0163ilor \u015fi mai ales de a preveni ob\u0163inerea \u015fi modificarea de c\u0103tre persoane neautorizate a datelor personale furnizate \u00een timpul acces\u0103rii.<\/p>\n\n\n\n<p>4. Clientul care a utilizat website-ul are obliga\u0163iile:<\/p>\n\n\n\n<p>a)&nbsp;de a nu furniza \u015fi transmite informa\u0163ii interzise prin lege;<\/p>\n\n\n\n<p>b)&nbsp;de a utiliza website-ul \u00eentr-un mod care s\u0103 nu perturbe func\u0163ionarea acestuia;<\/p>\n\n\n\n<p>c)&nbsp;de a nu difuza \u015fi de a nu plasa \u00een cadrul website-ului informa\u0163ii incorecte;<\/p>\n\n\n\n<p>d)&nbsp;de a utiliza website-ul \u00eentr-un mod care s\u0103 nu creeze inconveniente pentru al\u0163i vizitatori \u015fi pentru Administratorul acestuia;<\/p>\n\n\n\n<p>e)&nbsp;de a folosi informa\u0163iile publicate \u00een paginile website-ului doar \u00een scop personal.<\/p>\n\n\n\n<p><strong>III. INFORMA\u021aII TEHNICE<\/strong><\/p>\n\n\n\n<p>1. Condi\u0163iile tehnice de prestare de c\u0103tre website, pe cale electronic\u0103, a serviciilor, sunt urm\u0103toarele:<\/p>\n\n\n\n<p>a)&nbsp;acces la Internet,<\/p>\n\n\n\n<p>b)&nbsp;folosirea unui browser ( FireFox, Chrome sau altele asem\u0103n\u0103toare),<\/p>\n\n\n\n<p>c)&nbsp;De\u0163inerea unui cont de po\u015ft\u0103 electronic\u0103 (op\u021bional, \u00een cazul folosirii func\u021biei de contact).<\/p>\n\n\n\n<p>2. Reclama\u0163ii privitoare la serviciile prestate de website pe cale electronic\u0103 pot fi depuse transmi\u0163\u00e2ndu-le la adresa de e-mail a Departamentului de Rela\u021bii cu Clien\u021bii al acestuia, contact@oltenialaundry.ro sau telefonic, la num\u0103rul de telefon afisat\u00a0pe website. Reclama\u0163ia Clientului trebuie s\u0103 con\u0163in\u0103 denumirea beneficiarului \u015fi o scurt\u0103 descriere a procesului reclamat. Website-ul se va str\u0103dui ca reclama\u0163iile depuse s\u0103 fie examinate \u00een cel mai scurt timp cu putin\u0163\u0103, totu\u015fi, nu mai t\u00e2rziu de 14 zile de la data primirii reclama\u0163iei de c\u0103tre website. Despre modul \u00een care a fost solu\u0163ionat\u0103 reclama\u0163ia Clientul va fi anun\u0163at pe calea aleas\u0103 de Client, telefonic sau ca informa\u0163ie transmis\u0103 pe e-mail la adresa indicat\u0103 de acesta.<\/p>\n\n\n\n<p>BUDU COM MIXT SRL &nbsp;&nbsp;aduce la cuno\u015ftin\u0163\u0103 c\u0103 \u00een func\u0163ie de set\u0103rile browserului Clientului poate introduce \u00een sistemul nformatic al Clientului fi\u015fiere cookies, ce nu sunt o component\u0103 a con\u0163inutului serviciilor prestate de c\u0103tre website, dar care ar putea permite recunoa\u0219terea ulterioar\u0103 a Clientului ce intr\u0103 pe pagina de web a website-ului \u015fi sunt utilizate de acesta pentru a \u00eembun\u0103\u021b\u0103\u021bi experien\u021ba Clientului utilizarea website-ului, ca \u015fi pentru monitorizarea de c\u0103tre Magazin a navig\u0103rilor Clientului pe pagina de web. Clientul poate renun\u0163a \u00een orice moment la posibilitatea ca website-ul s\u0103 utilizeze cookies, prin&nbsp; set\u0103rile corespunz\u0103toare ale browserului s\u0103u.<\/p>\n\n\n\n<p><strong>IV. ALTE PREVEDERI<\/strong><\/p>\n\n\n\n<p>1. Con\u021binutul \u0219i design-ul oltenialaundry.ro, inclusiv look&amp;feel-ul acestuia \u0219i bazele de date accesibile prin intermediul s\u0103u, sunt proprietatea oltenialaundry.ro \u0219i sunt protejate prin legisla\u021bia \u00een vigoare cu privire la drepturile de autor \u0219i drepturile conexe. \u00cen cazul informa\u021biilor \u0219i con\u021binutului postat de ter\u021be p\u0103r\u021bi pe site-ul oltenialaundry.ro, dreptul de autor \u0219i responsabilitatea asupra acestora apar\u021bin \u00een totalitate celor care au publicat acea informa\u021bie.<\/p>\n\n\n\n<p>2. Pute\u021bi copia \u0219i imprima con\u021binutul oltenialaundry.ro doar pentru folosin\u021ba dumneavoastr\u0103 personal\u0103, \u00een scopuri necomerciale.<\/p>\n\n\n\n<p>3. Este interzis\u0103 orice utilizare a con\u021binutului oltenialaundry.ro \u00een alte scopuri dec\u00e2t cele permise expres de prezentul document sau de legisla\u021bia \u00een vigoare. Cererile de utilizare a con\u021binutului \u00een alte scopuri dec\u00e2t cele permise expres de prezentul document pot fi trimise la adresa de email.<\/p>\n\n\n\n<p>\u00cen condi\u021biile \u00een care considera\u021bi c\u0103 un anumit con\u021binut aflat pe site-ul oltenialaundry.ro \u00eencalc\u0103 drepturile dvs. de proprietate intelectual\u0103, dreptul la via\u021ba privat\u0103, la publicitate sau alte drepturi personale, sunte\u021bi rugat s\u0103 trimite\u021bi un e-mail la contact@oltenialaundry.ro cu drepturile \u00eenc\u0103lcate pentru a permite administratorilor oltenialaundry.ro s\u0103 ac\u021bioneze \u00een conformitate cu dispozi\u021biile legale.<\/p>\n\n\n\n<p>4. oltenialaundry.ro, partenerii sau utilizatorii s\u0103i nu pot fi f\u0103cu\u021bi responsabili pentru nici o \u00eent\u00e2rziere sau eroare \u00een executarea obliga\u021biilor contractuale sau \u00een con\u021binutul furnizat pe site-ul nostru, rezult\u00e2nd direct sau indirect din cauze care nu depind de voin\u021ba oltenialaundry.ro. Aceast\u0103 exonerare include, dar nu se limiteaz\u0103 la: erorile de func\u021bionare al echipamentului tehnic de la oltenialaundry.ro, lipsa func\u021bion\u0103rii conexiunii la internet, lipsa func\u021bion\u0103rii conexiunilor de telefon, viru\u0219ii informatici, accesul neautorizat \u00een sistemele oltenialaundry.ro, erorile de operare, grev\u0103 etc.<\/p>\n\n\n\n<p>Neacceptarea prevederilor prezentului Regulament face imposibil\u0103 vizualizarea ofertelor, post\u0103rilor \u0219i articolelor oferite de website.<\/p>","protected":false},"excerpt":{"rendered":"<p>Prezentul regulament reprezint\u0103 termenii \u0219i condi\u021biile de utilizare ale site-ului www.oltenialaundry.ro. I. INTRODUCERE 1. BUDU COM MIXT SRL , CUI 4040709 cu sediul \u00een Drobeta Turnu Severin, permite vizualizarea serviciilor, a ofertelor \u0219i a articolelor oferite de c\u0103tre entitatea anterior men\u021bionat\u0103 \u2013 de la adresa: www.oltenialaundry.ro (\u201eWEBSITE\u201d). &nbsp;2. Prezentul Regulament se adreseaz\u0103 tuturor utilizatorilor website-ului [&hellip;]<\/p>","protected":false},"author":4,"featured_media":0,"parent":0,"menu_order":0,"comment_status":"closed","ping_status":"open","template":"","meta":{"footnotes":""},"class_list":["post-970","page","type-page","status-publish","hentry","entry"],"yoast_head":"<!-- This site is optimized with the Yoast SEO plugin v19.5.1 - https:\/\/yoast.com\/wordpress\/plugins\/seo\/ -->\n<title>Termeni \u0219i condi\u021bii - Oltenia Laundry<\/title>\n<meta name=\"robots\" content=\"index, follow, max-snippet:-1, max-image-preview:large, max-video-preview:-1\" \/>\n<link rel=\"canonical\" href=\"https:\/\/oltenialaundry.ro\/en\/termeni-si-conditii\/\" \/>\n<meta property=\"og:locale\" content=\"en_US\" \/>\n<meta property=\"og:type\" content=\"article\" \/>\n<meta property=\"og:title\" content=\"Termeni \u0219i condi\u021bii - Oltenia Laundry\" \/>\n<meta property=\"og:description\" content=\"Prezentul regulament reprezint\u0103 termenii \u0219i condi\u021biile de utilizare ale site-ului www.oltenialaundry.ro. I. INTRODUCERE 1. BUDU COM MIXT SRL , CUI 4040709 cu sediul \u00een Drobeta Turnu Severin, permite vizualizarea serviciilor, a ofertelor \u0219i a articolelor oferite de c\u0103tre entitatea anterior men\u021bionat\u0103 \u2013 de la adresa: www.oltenialaundry.ro (\u201eWEBSITE\u201d). &nbsp;2. Prezentul Regulament se adreseaz\u0103 tuturor utilizatorilor website-ului [&hellip;]\" \/>\n<meta property=\"og:url\" content=\"https:\/\/oltenialaundry.ro\/en\/termeni-si-conditii\/\" \/>\n<meta property=\"og:site_name\" content=\"Oltenia Laundry\" \/>\n<meta property=\"article:modified_time\" content=\"2022-07-22T07:17:31+00:00\" \/>\n<meta name=\"twitter:card\" content=\"summary_large_image\" \/>\n<meta name=\"twitter:label1\" content=\"Est. reading time\" \/>\n\t<meta name=\"twitter:data1\" content=\"5 minutes\" \/>\n<script type=\"application\/ld+json\" class=\"yoast-schema-graph\">{\"@context\":\"https:\/\/schema.org\",\"@graph\":[{\"@type\":\"WebPage\",\"@id\":\"https:\/\/oltenialaundry.ro\/termeni-si-conditii\/\",\"url\":\"https:\/\/oltenialaundry.ro\/termeni-si-conditii\/\",\"name\":\"Termeni \u0219i condi\u021bii - Oltenia Laundry\",\"isPartOf\":{\"@id\":\"https:\/\/oltenialaundry.ro\/#website\"},\"datePublished\":\"2022-02-19T13:59:37+00:00\",\"dateModified\":\"2022-07-22T07:17:31+00:00\",\"breadcrumb\":{\"@id\":\"https:\/\/oltenialaundry.ro\/termeni-si-conditii\/#breadcrumb\"},\"inLanguage\":\"en-US\",\"potentialAction\":[{\"@type\":\"ReadAction\",\"target\":[\"https:\/\/oltenialaundry.ro\/termeni-si-conditii\/\"]}]},{\"@type\":\"BreadcrumbList\",\"@id\":\"https:\/\/oltenialaundry.ro\/termeni-si-conditii\/#breadcrumb\",\"itemListElement\":[{\"@type\":\"ListItem\",\"position\":1,\"name\":\"Home\",\"item\":\"https:\/\/oltenialaundry.ro\/\"},{\"@type\":\"ListItem\",\"position\":2,\"name\":\"Termeni \u0219i condi\u021bii\"}]},{\"@type\":\"WebSite\",\"@id\":\"https:\/\/oltenialaundry.ro\/#website\",\"url\":\"https:\/\/oltenialaundry.ro\/\",\"name\":\"Oltenia Laundry\",\"description\":\"Industrial Textile Laundry\",\"publisher\":{\"@id\":\"https:\/\/oltenialaundry.ro\/#organization\"},\"potentialAction\":[{\"@type\":\"SearchAction\",\"target\":{\"@type\":\"EntryPoint\",\"urlTemplate\":\"https:\/\/oltenialaundry.ro\/?s={search_term_string}\"},\"query-input\":\"required name=search_term_string\"}],\"inLanguage\":\"en-US\"},{\"@type\":\"Organization\",\"@id\":\"https:\/\/oltenialaundry.ro\/#organization\",\"name\":\"Oltenia Laundry\",\"url\":\"https:\/\/oltenialaundry.ro\/\",\"sameAs\":[],\"logo\":{\"@type\":\"ImageObject\",\"inLanguage\":\"en-US\",\"@id\":\"https:\/\/oltenialaundry.ro\/#\/schema\/logo\/image\/\",\"url\":\"https:\/\/oltenialaundry.ro\/wp-content\/uploads\/2022\/02\/Logo-Oltenia-Laundry.png\",\"contentUrl\":\"https:\/\/oltenialaundry.ro\/wp-content\/uploads\/2022\/02\/Logo-Oltenia-Laundry.png\",\"width\":944,\"height\":299,\"caption\":\"Oltenia Laundry\"},\"image\":{\"@id\":\"https:\/\/oltenialaundry.ro\/#\/schema\/logo\/image\/\"}}]}<\/script>\n<!-- \/ Yoast SEO plugin. -->","yoast_head_json":{"title":"Termeni \u0219i condi\u021bii - Oltenia Laundry","robots":{"index":"index","follow":"follow","max-snippet":"max-snippet:-1","max-image-preview":"max-image-preview:large","max-video-preview":"max-video-preview:-1"},"canonical":"https:\/\/oltenialaundry.ro\/en\/termeni-si-conditii\/","og_locale":"en_US","og_type":"article","og_title":"Termeni \u0219i condi\u021bii - Oltenia Laundry","og_description":"Prezentul regulament reprezint\u0103 termenii \u0219i condi\u021biile de utilizare ale site-ului www.oltenialaundry.ro. I. INTRODUCERE 1. BUDU COM MIXT SRL , CUI 4040709 cu sediul \u00een Drobeta Turnu Severin, permite vizualizarea serviciilor, a ofertelor \u0219i a articolelor oferite de c\u0103tre entitatea anterior men\u021bionat\u0103 \u2013 de la adresa: www.oltenialaundry.ro (\u201eWEBSITE\u201d). &nbsp;2. Prezentul Regulament se adreseaz\u0103 tuturor utilizatorilor website-ului [&hellip;]","og_url":"https:\/\/oltenialaundry.ro\/en\/termeni-si-conditii\/","og_site_name":"Oltenia Laundry","article_modified_time":"2022-07-22T07:17:31+00:00","twitter_card":"summary_large_image","twitter_misc":{"Est. reading time":"5 minutes"},"schema":{"@context":"https:\/\/schema.org","@graph":[{"@type":"WebPage","@id":"https:\/\/oltenialaundry.ro\/termeni-si-conditii\/","url":"https:\/\/oltenialaundry.ro\/termeni-si-conditii\/","name":"Termeni \u0219i condi\u021bii - Oltenia Laundry","isPartOf":{"@id":"https:\/\/oltenialaundry.ro\/#website"},"datePublished":"2022-02-19T13:59:37+00:00","dateModified":"2022-07-22T07:17:31+00:00","breadcrumb":{"@id":"https:\/\/oltenialaundry.ro\/termeni-si-conditii\/#breadcrumb"},"inLanguage":"en-US","potentialAction":[{"@type":"ReadAction","target":["https:\/\/oltenialaundry.ro\/termeni-si-conditii\/"]}]},{"@type":"BreadcrumbList","@id":"https:\/\/oltenialaundry.ro\/termeni-si-conditii\/#breadcrumb","itemListElement":[{"@type":"ListItem","position":1,"name":"Home","item":"https:\/\/oltenialaundry.ro\/"},{"@type":"ListItem","position":2,"name":"Termeni \u0219i condi\u021bii"}]},{"@type":"WebSite","@id":"https:\/\/oltenialaundry.ro\/#website","url":"https:\/\/oltenialaundry.ro\/","name":"Oltenia Laundry","description":"Industrial Textile Laundry","publisher":{"@id":"https:\/\/oltenialaundry.ro\/#organization"},"potentialAction":[{"@type":"SearchAction","target":{"@type":"EntryPoint","urlTemplate":"https:\/\/oltenialaundry.ro\/?s={search_term_string}"},"query-input":"required name=search_term_string"}],"inLanguage":"en-US"},{"@type":"Organization","@id":"https:\/\/oltenialaundry.ro\/#organization","name":"Oltenia Laundry","url":"https:\/\/oltenialaundry.ro\/","sameAs":[],"logo":{"@type":"ImageObject","inLanguage":"en-US","@id":"https:\/\/oltenialaundry.ro\/#\/schema\/logo\/image\/","url":"https:\/\/oltenialaundry.ro\/wp-content\/uploads\/2022\/02\/Logo-Oltenia-Laundry.png","contentUrl":"https:\/\/oltenialaundry.ro\/wp-content\/uploads\/2022\/02\/Logo-Oltenia-Laundry.png","width":944,"height":299,"caption":"Oltenia Laundry"},"image":{"@id":"https:\/\/oltenialaundry.ro\/#\/schema\/logo\/image\/"}}]}},"_links":{"self":[{"href":"https:\/\/oltenialaundry.ro\/en\/wp-json\/wp\/v2\/pages\/970","targetHints":{"allow":["GET"]}}],"collection":[{"href":"https:\/\/oltenialaundry.ro\/en\/wp-json\/wp\/v2\/pages"}],"about":[{"href":"https:\/\/oltenialaundry.ro\/en\/wp-json\/wp\/v2\/types\/page"}],"author":[{"embeddable":true,"href":"https:\/\/oltenialaundry.ro\/en\/wp-json\/wp\/v2\/users\/4"}],"replies":[{"embeddable":true,"href":"https:\/\/oltenialaundry.ro\/en\/wp-json\/wp\/v2\/comments?post=970"}],"version-history":[{"count":4,"href":"https:\/\/oltenialaundry.ro\/en\/wp-json\/wp\/v2\/pages\/970\/revisions"}],"predecessor-version":[{"id":1285,"href":"https:\/\/oltenialaundry.ro\/en\/wp-json\/wp\/v2\/pages\/970\/revisions\/1285"}],"wp:attachment":[{"href":"https:\/\/oltenialaundry.ro\/en\/wp-json\/wp\/v2\/media?parent=970"}],"curies":[{"name":"wp","href":"https:\/\/api.w.org\/{rel}","templated":true}]}}