{"id":974,"date":"2022-02-19T14:00:37","date_gmt":"2022-02-19T14:00:37","guid":{"rendered":"https:\/\/oltenialaundry.ro\/?page_id=974"},"modified":"2022-02-19T14:00:37","modified_gmt":"2022-02-19T14:00:37","slug":"politica-cookies","status":"publish","type":"page","link":"https:\/\/oltenialaundry.ro\/en\/politica-cookies\/","title":{"rendered":"Cookies policy"},"content":{"rendered":"<h3 class=\"wp-block-heading\" id=\"despre-politica-privind-gestionarea-cookie-urile\">Despre politica privind gestionarea cookie-urile&nbsp;<\/h3>\n\n\n\n<p>Aceast\u0103 politic\u0103 a cookie-urilor explic\u0103 ce sunt cookie-urile \u0219i cum le utiliz\u0103m, care sunt tipurile pe care le folosim, ce informa\u021bii colect\u0103m prin intermediul lor, cum folosim aceste date \u0219i cum po\u021bi controla set\u0103rile cu privire la cookie-uri. Pentru mai multe informa\u021bii legate de modul cum folosim, stoc\u0103m \u0219i cum p\u0103str\u0103m datele dumneavoastr\u0103 securizat, vede\u021bi Politica de Confiden\u021bialitate.<\/p>\n\n\n\n<p>Po\u021bi oric\u00e2nd s\u0103 \u00ee\u021bi schimbi sau retragi acordul cu privire la utilizarea cookie-urilor pe site-ul nostru. Acordul dumneavoastr\u0103 se aplic\u0103 pe urm\u0103torul domeniu: oltenialaundry.ro<\/p>\n\n\n\n<h3 class=\"wp-block-heading\" id=\"ce-sunt-cookie-urile\">Ce sunt cookie-urile?<\/h3>\n\n\n\n<p>Cookie-urile sunt fi\u0219iere mici care con\u021bin text \u0219i sunt utilizate pentru a stoca mici informa\u021bii. Ele sunt stocate pe dispozitivul dumneavoastr\u0103 atunci c\u00e2nd site-ul este \u00eenc\u0103rcat \u00een browser. Aceste cookie-uri ne ajut\u0103 s\u0103 avem o bun\u0103 func\u021bionare a site-ului, s\u0103 \u00eel facem mai sigur, s\u0103 oferim o mai bun\u0103 experien\u021b\u0103 de utilizare, s\u0103 \u00een\u021belegem cum utiliza\u021bi site-ul \u0219i s\u0103 analiz\u0103m ce merge \u0219i unde trebuie \u00eembun\u0103t\u0103\u021biri.&nbsp;<\/p>\n\n\n\n<h3 class=\"wp-block-heading\" id=\"cum-folosim-cookie-urile\">Cum folosim cookie-urile?<\/h3>\n\n\n\n<p>Ca majoritatea serviciilor online, site-ul nostru utilieaz\u0103 cookie-uri proprii \u0219i ale aplica\u021biilor ter\u021be dintr-o serie de motive. Cookie-urile proprii sunt cele necesare pentru ca site-ul s\u0103 func\u021bioneze \u00een mod corespunz\u0103tor \u0219i ele nu colecteaz\u0103 informa\u021bii sau date personale.<\/p>\n\n\n\n<p>Cookie-urile ter\u021be folosite pe site-ul nostru sunt \u00een principal pentru a \u00een\u021belege cum func\u021bioneaz\u0103 site-ul, cum dumneavoastr\u0103 interac\u021biona\u021bi cu el, p\u0103str\u00e2nd serviciile securizate, oferind o experien\u021b\u0103 mai bun\u0103 de utilizare \u0219i ajut\u00e2nd interac\u021biunile dumneavoastr\u0103 viitoare cu site-ul.&nbsp;<\/p>\n\n\n\n<h3 class=\"wp-block-heading\" id=\"ce-fel-de-cookie-uri-folosim\">Ce fel de cookie-uri folosim?&nbsp;<\/h3>\n\n\n\n<p><em>Necesare:<\/em> Unele cookie-uri sunt esen\u021biale pentru ca toate func\u021bionalit\u0103\u021bile site-ului s\u0103 mearg\u0103 corect. Ele ne ajut\u0103 de asemenea s\u0103 gestion\u0103m sesiunile utilizatorilor \u0219i s\u0103 prevenim pericolele din punct de vedere al securit\u0103\u021bii. Ele nu colecteaz\u0103 sau stocheaz\u0103 nici o informa\u021bie personal\u0103.&nbsp;<\/p>\n\n\n\n<p><em>Analitice:<\/em> Aceste cookie-uri stocheaz\u0103 informa\u021bii despre num\u0103rul de vizitatori de pe site, num\u0103rul unic de utilizatori, care dintre paginile site-ului au fost vizitate, de unde a provenit vizita, etc. Aceste date ne ajut\u0103 s\u0103 \u00een\u021belegem \u0219i s\u0103 analizam cum site-ul nostru func\u021bioneaz\u0103 \u0219i unde sunt necesare \u00eembun\u0103t\u0103\u021biri.&nbsp;<\/p>\n\n\n\n<p><strong><em>Preferin\u021be<\/em><\/strong>: Aceste cookie-uri ne ajut\u0103 s\u0103 p\u0103str\u0103m preferin\u021bele dumneavoastr\u0103 legate de site-ul nostru \u0219i s\u0103 oferim o experien\u021b\u0103 mai bun\u0103 \u0219i eficient\u0103 la urm\u0103toarea vizit\u0103 pe site.&nbsp;&nbsp;<\/p>\n\n\n\n<h3 class=\"wp-block-heading\" id=\"cum-pot-controla-preferin\u021bele-legate-de-gestionarea-cookie-urilor\">Cum pot controla preferin\u021bele legate de gestionarea cookie-urilor?<\/h3>\n\n\n\n<p>Pute\u021bi s\u0103 schimba\u021bi preferin\u021bele legate de gestionarea cookie-urilor \u00een timpul sesiunii dumneavoastr\u0103 pe site ap\u0103s\u00e2nd butonul ,,Politica Cookies\u201d de pe ecran. Acesta v\u0103 va ar\u0103ta notificarea cookie-urilor \u0219i pute\u021bi retrage acordul pentru stocarea cookie-urilor care nu sunt absolut necesare sau pute\u021bi schimba preferin\u021bele.<\/p>\n\n\n\n<p>Browserele ofer\u0103 modalit\u0103\u021bi diferite pentru a \u0219terge sau a bloca cookie-urile utilizate de site-uri. Pute\u021bi schimba de asemenea set\u0103rile browser-ului pentru a \u0219terge\/bloca cookie-urile. Pentru a g\u0103si mai multe informa\u021bii despre cum s\u0103 gestiona\u021bi \u0219i s\u0103 \u0219terge\u021bi cookie-urile, vizita\u021bi&nbsp;<a href=\"https:\/\/www.allaboutcookies.org\/\" target=\"_blank\" rel=\"noreferrer noopener\">www.allaboutcookies.org<\/a>.&nbsp;<\/p>","protected":false},"excerpt":{"rendered":"<p>Despre politica privind gestionarea cookie-urile&nbsp; Aceast\u0103 politic\u0103 a cookie-urilor explic\u0103 ce sunt cookie-urile \u0219i cum le utiliz\u0103m, care sunt tipurile pe care le folosim, ce informa\u021bii colect\u0103m prin intermediul lor, cum folosim aceste date \u0219i cum po\u021bi controla set\u0103rile cu privire la cookie-uri. Pentru mai multe informa\u021bii legate de modul cum folosim, stoc\u0103m \u0219i cum [&hellip;]<\/p>","protected":false},"author":4,"featured_media":0,"parent":0,"menu_order":0,"comment_status":"closed","ping_status":"open","template":"","meta":{"footnotes":""},"class_list":["post-974","page","type-page","status-publish","hentry","entry"],"yoast_head":"<!-- This site is optimized with the Yoast SEO plugin v19.5.1 - https:\/\/yoast.com\/wordpress\/plugins\/seo\/ -->\n<title>Politica cookies - Oltenia Laundry<\/title>\n<meta name=\"robots\" content=\"index, follow, max-snippet:-1, max-image-preview:large, max-video-preview:-1\" \/>\n<link rel=\"canonical\" href=\"https:\/\/oltenialaundry.ro\/en\/politica-cookies\/\" \/>\n<meta property=\"og:locale\" content=\"en_US\" \/>\n<meta property=\"og:type\" content=\"article\" \/>\n<meta property=\"og:title\" content=\"Politica cookies - Oltenia Laundry\" \/>\n<meta property=\"og:description\" content=\"Despre politica privind gestionarea cookie-urile&nbsp; Aceast\u0103 politic\u0103 a cookie-urilor explic\u0103 ce sunt cookie-urile \u0219i cum le utiliz\u0103m, care sunt tipurile pe care le folosim, ce informa\u021bii colect\u0103m prin intermediul lor, cum folosim aceste date \u0219i cum po\u021bi controla set\u0103rile cu privire la cookie-uri. Pentru mai multe informa\u021bii legate de modul cum folosim, stoc\u0103m \u0219i cum [&hellip;]\" \/>\n<meta property=\"og:url\" content=\"https:\/\/oltenialaundry.ro\/en\/politica-cookies\/\" \/>\n<meta property=\"og:site_name\" content=\"Oltenia Laundry\" \/>\n<meta name=\"twitter:card\" content=\"summary_large_image\" \/>\n<meta name=\"twitter:label1\" content=\"Est. reading time\" \/>\n\t<meta name=\"twitter:data1\" content=\"3 minutes\" \/>\n<script type=\"application\/ld+json\" class=\"yoast-schema-graph\">{\"@context\":\"https:\/\/schema.org\",\"@graph\":[{\"@type\":\"WebPage\",\"@id\":\"https:\/\/oltenialaundry.ro\/politica-cookies\/\",\"url\":\"https:\/\/oltenialaundry.ro\/politica-cookies\/\",\"name\":\"Politica cookies - Oltenia Laundry\",\"isPartOf\":{\"@id\":\"https:\/\/oltenialaundry.ro\/#website\"},\"datePublished\":\"2022-02-19T14:00:37+00:00\",\"dateModified\":\"2022-02-19T14:00:37+00:00\",\"breadcrumb\":{\"@id\":\"https:\/\/oltenialaundry.ro\/politica-cookies\/#breadcrumb\"},\"inLanguage\":\"en-US\",\"potentialAction\":[{\"@type\":\"ReadAction\",\"target\":[\"https:\/\/oltenialaundry.ro\/politica-cookies\/\"]}]},{\"@type\":\"BreadcrumbList\",\"@id\":\"https:\/\/oltenialaundry.ro\/politica-cookies\/#breadcrumb\",\"itemListElement\":[{\"@type\":\"ListItem\",\"position\":1,\"name\":\"Home\",\"item\":\"https:\/\/oltenialaundry.ro\/\"},{\"@type\":\"ListItem\",\"position\":2,\"name\":\"Politica cookies\"}]},{\"@type\":\"WebSite\",\"@id\":\"https:\/\/oltenialaundry.ro\/#website\",\"url\":\"https:\/\/oltenialaundry.ro\/\",\"name\":\"Oltenia Laundry\",\"description\":\"Industrial Textile Laundry\",\"publisher\":{\"@id\":\"https:\/\/oltenialaundry.ro\/#organization\"},\"potentialAction\":[{\"@type\":\"SearchAction\",\"target\":{\"@type\":\"EntryPoint\",\"urlTemplate\":\"https:\/\/oltenialaundry.ro\/?s={search_term_string}\"},\"query-input\":\"required name=search_term_string\"}],\"inLanguage\":\"en-US\"},{\"@type\":\"Organization\",\"@id\":\"https:\/\/oltenialaundry.ro\/#organization\",\"name\":\"Oltenia Laundry\",\"url\":\"https:\/\/oltenialaundry.ro\/\",\"sameAs\":[],\"logo\":{\"@type\":\"ImageObject\",\"inLanguage\":\"en-US\",\"@id\":\"https:\/\/oltenialaundry.ro\/#\/schema\/logo\/image\/\",\"url\":\"https:\/\/oltenialaundry.ro\/wp-content\/uploads\/2022\/02\/Logo-Oltenia-Laundry.png\",\"contentUrl\":\"https:\/\/oltenialaundry.ro\/wp-content\/uploads\/2022\/02\/Logo-Oltenia-Laundry.png\",\"width\":944,\"height\":299,\"caption\":\"Oltenia Laundry\"},\"image\":{\"@id\":\"https:\/\/oltenialaundry.ro\/#\/schema\/logo\/image\/\"}}]}<\/script>\n<!-- \/ Yoast SEO plugin. -->","yoast_head_json":{"title":"Politica cookies - Oltenia Laundry","robots":{"index":"index","follow":"follow","max-snippet":"max-snippet:-1","max-image-preview":"max-image-preview:large","max-video-preview":"max-video-preview:-1"},"canonical":"https:\/\/oltenialaundry.ro\/en\/politica-cookies\/","og_locale":"en_US","og_type":"article","og_title":"Politica cookies - Oltenia Laundry","og_description":"Despre politica privind gestionarea cookie-urile&nbsp; Aceast\u0103 politic\u0103 a cookie-urilor explic\u0103 ce sunt cookie-urile \u0219i cum le utiliz\u0103m, care sunt tipurile pe care le folosim, ce informa\u021bii colect\u0103m prin intermediul lor, cum folosim aceste date \u0219i cum po\u021bi controla set\u0103rile cu privire la cookie-uri. Pentru mai multe informa\u021bii legate de modul cum folosim, stoc\u0103m \u0219i cum [&hellip;]","og_url":"https:\/\/oltenialaundry.ro\/en\/politica-cookies\/","og_site_name":"Oltenia Laundry","twitter_card":"summary_large_image","twitter_misc":{"Est. reading time":"3 minutes"},"schema":{"@context":"https:\/\/schema.org","@graph":[{"@type":"WebPage","@id":"https:\/\/oltenialaundry.ro\/politica-cookies\/","url":"https:\/\/oltenialaundry.ro\/politica-cookies\/","name":"Politica cookies - Oltenia Laundry","isPartOf":{"@id":"https:\/\/oltenialaundry.ro\/#website"},"datePublished":"2022-02-19T14:00:37+00:00","dateModified":"2022-02-19T14:00:37+00:00","breadcrumb":{"@id":"https:\/\/oltenialaundry.ro\/politica-cookies\/#breadcrumb"},"inLanguage":"en-US","potentialAction":[{"@type":"ReadAction","target":["https:\/\/oltenialaundry.ro\/politica-cookies\/"]}]},{"@type":"BreadcrumbList","@id":"https:\/\/oltenialaundry.ro\/politica-cookies\/#breadcrumb","itemListElement":[{"@type":"ListItem","position":1,"name":"Home","item":"https:\/\/oltenialaundry.ro\/"},{"@type":"ListItem","position":2,"name":"Politica cookies"}]},{"@type":"WebSite","@id":"https:\/\/oltenialaundry.ro\/#website","url":"https:\/\/oltenialaundry.ro\/","name":"Oltenia Laundry","description":"Industrial Textile Laundry","publisher":{"@id":"https:\/\/oltenialaundry.ro\/#organization"},"potentialAction":[{"@type":"SearchAction","target":{"@type":"EntryPoint","urlTemplate":"https:\/\/oltenialaundry.ro\/?s={search_term_string}"},"query-input":"required name=search_term_string"}],"inLanguage":"en-US"},{"@type":"Organization","@id":"https:\/\/oltenialaundry.ro\/#organization","name":"Oltenia Laundry","url":"https:\/\/oltenialaundry.ro\/","sameAs":[],"logo":{"@type":"ImageObject","inLanguage":"en-US","@id":"https:\/\/oltenialaundry.ro\/#\/schema\/logo\/image\/","url":"https:\/\/oltenialaundry.ro\/wp-content\/uploads\/2022\/02\/Logo-Oltenia-Laundry.png","contentUrl":"https:\/\/oltenialaundry.ro\/wp-content\/uploads\/2022\/02\/Logo-Oltenia-Laundry.png","width":944,"height":299,"caption":"Oltenia Laundry"},"image":{"@id":"https:\/\/oltenialaundry.ro\/#\/schema\/logo\/image\/"}}]}},"_links":{"self":[{"href":"https:\/\/oltenialaundry.ro\/en\/wp-json\/wp\/v2\/pages\/974","targetHints":{"allow":["GET"]}}],"collection":[{"href":"https:\/\/oltenialaundry.ro\/en\/wp-json\/wp\/v2\/pages"}],"about":[{"href":"https:\/\/oltenialaundry.ro\/en\/wp-json\/wp\/v2\/types\/page"}],"author":[{"embeddable":true,"href":"https:\/\/oltenialaundry.ro\/en\/wp-json\/wp\/v2\/users\/4"}],"replies":[{"embeddable":true,"href":"https:\/\/oltenialaundry.ro\/en\/wp-json\/wp\/v2\/comments?post=974"}],"version-history":[{"count":2,"href":"https:\/\/oltenialaundry.ro\/en\/wp-json\/wp\/v2\/pages\/974\/revisions"}],"predecessor-version":[{"id":1471,"href":"https:\/\/oltenialaundry.ro\/en\/wp-json\/wp\/v2\/pages\/974\/revisions\/1471"}],"wp:attachment":[{"href":"https:\/\/oltenialaundry.ro\/en\/wp-json\/wp\/v2\/media?parent=974"}],"curies":[{"name":"wp","href":"https:\/\/api.w.org\/{rel}","templated":true}]}}