{"id":406,"date":"2016-09-27T09:51:22","date_gmt":"2016-09-27T09:51:22","guid":{"rendered":"http:\/\/fitness2.mythemecloud.io\/?page_id=406"},"modified":"2025-06-25T21:04:22","modified_gmt":"2025-06-25T18:04:22","slug":"despre-noi","status":"publish","type":"page","link":"https:\/\/oltenialaundry.ro\/ro\/despre-noi\/","title":{"rendered":"Despre Noi"},"content":{"rendered":"\t\t<div data-elementor-type=\"wp-page\" data-elementor-id=\"406\" class=\"elementor elementor-406\" data-elementor-settings=\"[]\">\n\t\t\t\t\t\t\t<div class=\"elementor-section-wrap\">\n\t\t\t\t\t\t\t<section data-particle_enable=\"false\" data-particle-mobile-disabled=\"false\" class=\"elementor-section elementor-top-section elementor-element elementor-element-ybrx6zd elementor-section-content-middle elementor-section-boxed elementor-section-height-default elementor-section-height-default\" data-id=\"ybrx6zd\" data-element_type=\"section\">\n\t\t\t\t\t\t<div class=\"elementor-container elementor-column-gap-default\">\n\t\t\t\t\t<div class=\"elementor-column elementor-col-100 elementor-top-column elementor-element elementor-element-r7gqrhq\" data-id=\"r7gqrhq\" data-element_type=\"column\">\n\t\t\t<div class=\"elementor-widget-wrap elementor-element-populated\">\n\t\t\t\t\t\t\t\t<div class=\"elementor-element elementor-element-8bf48e1 elementor-widget elementor-widget-heading\" data-id=\"8bf48e1\" data-element_type=\"widget\" data-widget_type=\"heading.default\">\n\t\t\t\t<div class=\"elementor-widget-container\">\n\t\t\t<style>\/*! elementor - v3.5.5 - 03-02-2022 *\/\n.elementor-heading-title{padding:0;margin:0;line-height:1}.elementor-widget-heading .elementor-heading-title[class*=elementor-size-]>a{color:inherit;font-size:inherit;line-height:inherit}.elementor-widget-heading .elementor-heading-title.elementor-size-small{font-size:15px}.elementor-widget-heading .elementor-heading-title.elementor-size-medium{font-size:19px}.elementor-widget-heading .elementor-heading-title.elementor-size-large{font-size:29px}.elementor-widget-heading .elementor-heading-title.elementor-size-xl{font-size:39px}.elementor-widget-heading .elementor-heading-title.elementor-size-xxl{font-size:59px}<\/style><h2 class=\"elementor-heading-title elementor-size-default\">Bun venit !<\/h2>\t\t<\/div>\n\t\t\t\t<\/div>\n\t\t\t\t<div class=\"elementor-element elementor-element-x4fpxui elementor-widget elementor-widget-text-editor\" data-id=\"x4fpxui\" data-element_type=\"widget\" data-widget_type=\"text-editor.default\">\n\t\t\t\t<div class=\"elementor-widget-container\">\n\t\t\t<style>\/*! elementor - v3.5.5 - 03-02-2022 *\/\n.elementor-widget-text-editor.elementor-drop-cap-view-stacked .elementor-drop-cap{background-color:#818a91;color:#fff}.elementor-widget-text-editor.elementor-drop-cap-view-framed .elementor-drop-cap{color:#818a91;border:3px solid;background-color:transparent}.elementor-widget-text-editor:not(.elementor-drop-cap-view-default) .elementor-drop-cap{margin-top:8px}.elementor-widget-text-editor:not(.elementor-drop-cap-view-default) .elementor-drop-cap-letter{width:1em;height:1em}.elementor-widget-text-editor .elementor-drop-cap{float:left;text-align:center;line-height:1;font-size:50px}.elementor-widget-text-editor .elementor-drop-cap-letter{display:inline-block}<\/style>\t\t\t\t<p>O afacere de familie cu viziune interna\u021bional\u0103<br \/>Oltenia Laundry este o afacere de familie 100% rom\u00e2neasc\u0103, fondat\u0103 \u00een anul 2012 de c\u0103tre Budulan Radu Alin Alexandru, un antreprenor t\u00e2n\u0103r, format profesional \u00een Germania \u0219i Austria, specializat \u00een servicii de sp\u0103l\u0103torie industrial\u0103.<br \/>Totul a \u00eenceput cu dorin\u021ba de a aduce \u00een Rom\u00e2nia un standard occidental de igien\u0103, eficien\u021b\u0103 \u0219i respect fa\u021b\u0103 de client \u2013 nu doar \u00een ceea ce prive\u0219te serviciile de sp\u0103lare, ci \u00een \u00eentreaga experien\u021b\u0103 de colaborare.<br \/>La Oltenia Laundry, nu suntem doar o sp\u0103l\u0103torie industrial\u0103. Construim parteneriate pe termen lung cu fiecare client. \u0218tim numele fiec\u0103rui hotel sau unitate medical\u0103 cu care lucr\u0103m. Ne pas\u0103. Clientul nu este pentru noi un cod de bare, ci un om real, cu nevoi reale, iar \u00een spatele fiec\u0103rei comenzi se afl\u0103 o echip\u0103 atent\u0103, implicat\u0103 \u0219i uman\u0103. R\u0103spundem personal la telefon. Nu r\u0103spunde un robot.<br \/>________________________________________<br \/>Istoria noastr\u0103: 2012 \u2013 prezent<br \/>\u00cen 2012, am deschis prima sp\u0103l\u0103torie dedicat\u0103 unit\u0103\u021bilor sanitare, oferind servicii c\u0103tre spitalele din jude\u021bele Mehedin\u021bi \u0219i Satu Mare. Timp de 8 ani, am asigurat cur\u0103\u021benia \u0219i dezinfectarea textilelor medicale \u00eentr-un domeniu unde rigoarea este vital\u0103.<br \/>\u00cen 2020, am luat o decizie curajoas\u0103: am \u00eenchis cele dou\u0103 sp\u0103l\u0103torii mici \u0219i am investit \u00eentr-o unitate industrial\u0103 mare, construit\u0103 pentru a deservi \u00eentreaga zon\u0103 de sud \u0219i sud-vest a Rom\u00e2niei.<br \/>\u00cen 2022, am inaugurat actuala unitate, situat\u0103 \u00een zona industrial\u0103 a municipiului Drobeta Turnu Severin \u2013 o sp\u0103l\u0103torie complet automatizat\u0103, una dintre cele mai moderne din Rom\u00e2nia, cu o capacitate de procesare de 1.200 kg de textile pe or\u0103.<br \/>________________________________________<br \/>Ce ne diferen\u021biaz\u0103?<br \/>\u2022 Suntem o echip\u0103 format\u0103 \u00een tradi\u021bia muncii serioase germane, dar cu inima \u0219i ambi\u021bia local\u0103<br \/>\u2022 Avem flot\u0103 proprie de transport \u0219i un circuit logistic complet controlat<br \/>\u2022 Competi\u021bia noastr\u0103 o reprezint\u0103 multina\u021bionalele, iar noi le facem fa\u021b\u0103 cu succes \u2013 prin agilitate, calitate \u0219i implicare personal\u0103<br \/>\u2022 Suntem prezen\u021bi \u00een Sudul, Sud-Vestul Romaniei cat si \u00een Bulgaria si Serbia.<br \/>Dar, mai presus de toate, punem rela\u021bia cu clientul pe primul loc. Cunoa\u0219tem oamenii din spatele afacerilor, ne adapt\u0103m cerin\u021belor lor specifice \u0219i intervenim rapid acolo unde e nevoie.<br \/>________________________________________<br \/>Privim spre viitor<br \/>Cre\u0219tem de la an la an, iar planurile noastre includ extinderea \u00een afara \u021b\u0103rii, prin deschiderea de filiale \u00een Belgrad (Serbia) \u0219i Sofia (Bulgaria) \u2013 ora\u0219e-cheie pentru dezvoltarea regional\u0103 \u00een domeniul HORECA \u0219i medical.<br \/>Suntem \u00een prezent \u00een Top 3 sp\u0103l\u0103torii industriale din Rom\u00e2nia.<br \/>Dar ceea ce ne diferen\u021biaz\u0103 cu adev\u0103rat nu sunt doar echipamentele moderne sau capacitatea noastr\u0103 de procesare \u2013 ci modul \u00een care construim rela\u021bii umane, nu doar contracte comerciale.<br \/>Suntem mai mult dec\u00e2t un furnizor de servicii. Suntem un partener de \u00eencredere, care \u00ee\u0219i asum\u0103 responsabilitatea \u00een fiecare etap\u0103:<br \/>de la \u00eenchirierea textilelor, la igienizarea lor \u0219i p\u00e2n\u0103 la livrarea perfect\u0103, la timp.<br \/>Externalizarea serviciilor de textile devine, al\u0103turi de noi, o solu\u021bie simpl\u0103, controlabil\u0103 \u0219i sigur\u0103.<\/p>\t\t\t\t\t\t<\/div>\n\t\t\t\t<\/div>\n\t\t\t\t<div class=\"elementor-element elementor-element-ad52e4e elementor-align-center elementor-widget elementor-widget-button\" data-id=\"ad52e4e\" data-element_type=\"widget\" data-widget_type=\"button.default\">\n\t\t\t\t<div class=\"elementor-widget-container\">\n\t\t\t\t\t<div class=\"elementor-button-wrapper\">\n\t\t\t<a href=\"https:\/\/oltenialaundry.ro\/contact\/\" class=\"elementor-button-link elementor-button elementor-size-sm\" role=\"button\">\n\t\t\t\t\t\t<span class=\"elementor-button-content-wrapper\">\n\t\t\t\t\t\t<span class=\"elementor-button-text\">Contact<\/span>\n\t\t<\/span>\n\t\t\t\t\t<\/a>\n\t\t<\/div>\n\t\t\t\t<\/div>\n\t\t\t\t<\/div>\n\t\t\t\t\t<\/div>\n\t\t<\/div>\n\t\t\t\t\t\t\t<\/div>\n\t\t<\/section>\n\t\t\t\t\t\t<\/div>\n\t\t\t\t\t<\/div>\n\t\t","protected":false},"excerpt":{"rendered":"<p>Bun venit ! O afacere de familie cu viziune interna\u021bional\u0103Oltenia Laundry este o afacere de familie 100% rom\u00e2neasc\u0103, fondat\u0103 \u00een anul 2012 de c\u0103tre Budulan Radu Alin Alexandru, un antreprenor t\u00e2n\u0103r, format profesional \u00een Germania \u0219i Austria, specializat \u00een servicii de sp\u0103l\u0103torie industrial\u0103.Totul a \u00eenceput cu dorin\u021ba de a aduce \u00een Rom\u00e2nia un standard occidental [&hellip;]<\/p>\n","protected":false},"author":4,"featured_media":0,"parent":0,"menu_order":0,"comment_status":"closed","ping_status":"closed","template":"","meta":{"footnotes":""},"class_list":["post-406","page","type-page","status-publish","hentry","entry"],"yoast_head":"<!-- This site is optimized with the Yoast SEO plugin v19.5.1 - https:\/\/yoast.com\/wordpress\/plugins\/seo\/ -->\n<title>Despre Noi - Oltenia Laundry<\/title>\n<meta name=\"robots\" content=\"index, follow, max-snippet:-1, max-image-preview:large, max-video-preview:-1\" \/>\n<link rel=\"canonical\" href=\"https:\/\/oltenialaundry.ro\/ro\/despre-noi\/\" \/>\n<meta property=\"og:locale\" content=\"ro_RO\" \/>\n<meta property=\"og:type\" content=\"article\" \/>\n<meta property=\"og:title\" content=\"Despre Noi - Oltenia Laundry\" \/>\n<meta property=\"og:description\" content=\"Bun venit ! O afacere de familie cu viziune interna\u021bional\u0103Oltenia Laundry este o afacere de familie 100% rom\u00e2neasc\u0103, fondat\u0103 \u00een anul 2012 de c\u0103tre Budulan Radu Alin Alexandru, un antreprenor t\u00e2n\u0103r, format profesional \u00een Germania \u0219i Austria, specializat \u00een servicii de sp\u0103l\u0103torie industrial\u0103.Totul a \u00eenceput cu dorin\u021ba de a aduce \u00een Rom\u00e2nia un standard occidental [&hellip;]\" \/>\n<meta property=\"og:url\" content=\"https:\/\/oltenialaundry.ro\/ro\/despre-noi\/\" \/>\n<meta property=\"og:site_name\" content=\"Oltenia Laundry\" \/>\n<meta property=\"article:modified_time\" content=\"2025-06-25T18:04:22+00:00\" \/>\n<meta name=\"twitter:card\" content=\"summary_large_image\" \/>\n<meta name=\"twitter:label1\" content=\"Est. reading time\" \/>\n\t<meta name=\"twitter:data1\" content=\"3 minute\" \/>\n<script type=\"application\/ld+json\" class=\"yoast-schema-graph\">{\"@context\":\"https:\/\/schema.org\",\"@graph\":[{\"@type\":\"WebPage\",\"@id\":\"https:\/\/oltenialaundry.ro\/despre-noi\/\",\"url\":\"https:\/\/oltenialaundry.ro\/despre-noi\/\",\"name\":\"Despre Noi - Oltenia Laundry\",\"isPartOf\":{\"@id\":\"https:\/\/oltenialaundry.ro\/#website\"},\"datePublished\":\"2016-09-27T09:51:22+00:00\",\"dateModified\":\"2025-06-25T18:04:22+00:00\",\"breadcrumb\":{\"@id\":\"https:\/\/oltenialaundry.ro\/despre-noi\/#breadcrumb\"},\"inLanguage\":\"ro-RO\",\"potentialAction\":[{\"@type\":\"ReadAction\",\"target\":[\"https:\/\/oltenialaundry.ro\/despre-noi\/\"]}]},{\"@type\":\"BreadcrumbList\",\"@id\":\"https:\/\/oltenialaundry.ro\/despre-noi\/#breadcrumb\",\"itemListElement\":[{\"@type\":\"ListItem\",\"position\":1,\"name\":\"Home\",\"item\":\"https:\/\/oltenialaundry.ro\/\"},{\"@type\":\"ListItem\",\"position\":2,\"name\":\"Despre Noi\"}]},{\"@type\":\"WebSite\",\"@id\":\"https:\/\/oltenialaundry.ro\/#website\",\"url\":\"https:\/\/oltenialaundry.ro\/\",\"name\":\"Oltenia Laundry\",\"description\":\"Industrial Textile Laundry\",\"publisher\":{\"@id\":\"https:\/\/oltenialaundry.ro\/#organization\"},\"potentialAction\":[{\"@type\":\"SearchAction\",\"target\":{\"@type\":\"EntryPoint\",\"urlTemplate\":\"https:\/\/oltenialaundry.ro\/?s={search_term_string}\"},\"query-input\":\"required name=search_term_string\"}],\"inLanguage\":\"ro-RO\"},{\"@type\":\"Organization\",\"@id\":\"https:\/\/oltenialaundry.ro\/#organization\",\"name\":\"Oltenia Laundry\",\"url\":\"https:\/\/oltenialaundry.ro\/\",\"sameAs\":[],\"logo\":{\"@type\":\"ImageObject\",\"inLanguage\":\"ro-RO\",\"@id\":\"https:\/\/oltenialaundry.ro\/#\/schema\/logo\/image\/\",\"url\":\"https:\/\/oltenialaundry.ro\/wp-content\/uploads\/2022\/02\/Logo-Oltenia-Laundry.png\",\"contentUrl\":\"https:\/\/oltenialaundry.ro\/wp-content\/uploads\/2022\/02\/Logo-Oltenia-Laundry.png\",\"width\":944,\"height\":299,\"caption\":\"Oltenia Laundry\"},\"image\":{\"@id\":\"https:\/\/oltenialaundry.ro\/#\/schema\/logo\/image\/\"}}]}<\/script>\n<!-- \/ Yoast SEO plugin. -->","yoast_head_json":{"title":"Despre Noi - Oltenia Laundry","robots":{"index":"index","follow":"follow","max-snippet":"max-snippet:-1","max-image-preview":"max-image-preview:large","max-video-preview":"max-video-preview:-1"},"canonical":"https:\/\/oltenialaundry.ro\/ro\/despre-noi\/","og_locale":"ro_RO","og_type":"article","og_title":"Despre Noi - Oltenia Laundry","og_description":"Bun venit ! O afacere de familie cu viziune interna\u021bional\u0103Oltenia Laundry este o afacere de familie 100% rom\u00e2neasc\u0103, fondat\u0103 \u00een anul 2012 de c\u0103tre Budulan Radu Alin Alexandru, un antreprenor t\u00e2n\u0103r, format profesional \u00een Germania \u0219i Austria, specializat \u00een servicii de sp\u0103l\u0103torie industrial\u0103.Totul a \u00eenceput cu dorin\u021ba de a aduce \u00een Rom\u00e2nia un standard occidental [&hellip;]","og_url":"https:\/\/oltenialaundry.ro\/ro\/despre-noi\/","og_site_name":"Oltenia Laundry","article_modified_time":"2025-06-25T18:04:22+00:00","twitter_card":"summary_large_image","twitter_misc":{"Est. reading time":"3 minute"},"schema":{"@context":"https:\/\/schema.org","@graph":[{"@type":"WebPage","@id":"https:\/\/oltenialaundry.ro\/despre-noi\/","url":"https:\/\/oltenialaundry.ro\/despre-noi\/","name":"Despre Noi - Oltenia Laundry","isPartOf":{"@id":"https:\/\/oltenialaundry.ro\/#website"},"datePublished":"2016-09-27T09:51:22+00:00","dateModified":"2025-06-25T18:04:22+00:00","breadcrumb":{"@id":"https:\/\/oltenialaundry.ro\/despre-noi\/#breadcrumb"},"inLanguage":"ro-RO","potentialAction":[{"@type":"ReadAction","target":["https:\/\/oltenialaundry.ro\/despre-noi\/"]}]},{"@type":"BreadcrumbList","@id":"https:\/\/oltenialaundry.ro\/despre-noi\/#breadcrumb","itemListElement":[{"@type":"ListItem","position":1,"name":"Home","item":"https:\/\/oltenialaundry.ro\/"},{"@type":"ListItem","position":2,"name":"Despre Noi"}]},{"@type":"WebSite","@id":"https:\/\/oltenialaundry.ro\/#website","url":"https:\/\/oltenialaundry.ro\/","name":"Oltenia Laundry","description":"Industrial Textile Laundry","publisher":{"@id":"https:\/\/oltenialaundry.ro\/#organization"},"potentialAction":[{"@type":"SearchAction","target":{"@type":"EntryPoint","urlTemplate":"https:\/\/oltenialaundry.ro\/?s={search_term_string}"},"query-input":"required name=search_term_string"}],"inLanguage":"ro-RO"},{"@type":"Organization","@id":"https:\/\/oltenialaundry.ro\/#organization","name":"Oltenia Laundry","url":"https:\/\/oltenialaundry.ro\/","sameAs":[],"logo":{"@type":"ImageObject","inLanguage":"ro-RO","@id":"https:\/\/oltenialaundry.ro\/#\/schema\/logo\/image\/","url":"https:\/\/oltenialaundry.ro\/wp-content\/uploads\/2022\/02\/Logo-Oltenia-Laundry.png","contentUrl":"https:\/\/oltenialaundry.ro\/wp-content\/uploads\/2022\/02\/Logo-Oltenia-Laundry.png","width":944,"height":299,"caption":"Oltenia Laundry"},"image":{"@id":"https:\/\/oltenialaundry.ro\/#\/schema\/logo\/image\/"}}]}},"_links":{"self":[{"href":"https:\/\/oltenialaundry.ro\/ro\/wp-json\/wp\/v2\/pages\/406","targetHints":{"allow":["GET"]}}],"collection":[{"href":"https:\/\/oltenialaundry.ro\/ro\/wp-json\/wp\/v2\/pages"}],"about":[{"href":"https:\/\/oltenialaundry.ro\/ro\/wp-json\/wp\/v2\/types\/page"}],"author":[{"embeddable":true,"href":"https:\/\/oltenialaundry.ro\/ro\/wp-json\/wp\/v2\/users\/4"}],"replies":[{"embeddable":true,"href":"https:\/\/oltenialaundry.ro\/ro\/wp-json\/wp\/v2\/comments?post=406"}],"version-history":[{"count":36,"href":"https:\/\/oltenialaundry.ro\/ro\/wp-json\/wp\/v2\/pages\/406\/revisions"}],"predecessor-version":[{"id":1631,"href":"https:\/\/oltenialaundry.ro\/ro\/wp-json\/wp\/v2\/pages\/406\/revisions\/1631"}],"wp:attachment":[{"href":"https:\/\/oltenialaundry.ro\/ro\/wp-json\/wp\/v2\/media?parent=406"}],"curies":[{"name":"wp","href":"https:\/\/api.w.org\/{rel}","templated":true}]}}